{"id":75715,"date":"2024-05-06T10:27:52","date_gmt":"2024-05-06T08:27:52","guid":{"rendered":"https:\/\/safeblood.se\/?page_id=75715"},"modified":"2024-05-10T13:44:45","modified_gmt":"2024-05-10T11:44:45","slug":"ejemplo-de-informacion-de-emergencia","status":"publish","type":"page","link":"https:\/\/safeblood.se\/es\/ejemplo-de-informacion-de-emergencia\/","title":{"rendered":"Ejemplo de informaci\u00f3n de emergencia"},"content":{"rendered":"[vc_row type=\u00bbin_container\u00bb full_screen_row_position=\u00bbmiddle\u00bb column_margin=\u00bbdefault\u00bb column_direction=\u00bbdefault\u00bb column_direction_tablet=\u00bbdefault\u00bb column_direction_phone=\u00bbdefault\u00bb scene_position=\u00bbcenter\u00bb text_color=\u00bbdark\u00bb text_align=\u00bbleft\u00bb row_border_radius=\u00bbnone\u00bb row_border_radius_applies=\u00bbbg\u00bb overlay_strength=\u00bb0.3&#8243; gradient_direction=\u00bbleft_to_right\u00bb shape_divider_position=\u00bbbottom\u00bb bg_image_animation=\u00bbnone\u00bb][vc_column column_padding=\u00bbno-extra-padding\u00bb column_padding_tablet=\u00bbinherit\u00bb column_padding_phone=\u00bbinherit\u00bb column_padding_position=\u00bball\u00bb column_element_spacing=\u00bbdefault\u00bb background_color_opacity=\u00bb1&#8243; background_hover_color_opacity=\u00bb1&#8243; column_shadow=\u00bbnone\u00bb column_border_radius=\u00bbnone\u00bb column_link_target=\u00bb_self\u00bb gradient_direction=\u00bbleft_to_right\u00bb overlay_strength=\u00bb0.3&#8243; width=\u00bb1\/1&#8243; tablet_width_inherit=\u00bbdefault\u00bb tablet_text_alignment=\u00bbdefault\u00bb phone_text_alignment=\u00bbdefault\u00bb bg_image_animation=\u00bbnone\u00bb border_type=\u00bbsimple\u00bb column_border_width=\u00bbnone\u00bb column_border_style=\u00bbsolid\u00bb][vc_column_text]Este es un <strong>ejemplo de la informaci\u00f3n de emergencia<\/strong> (imagen izquierda) que el personal m\u00e9dico de emergencia ver\u00e1 cuando escaneen el c\u00f3digo QR en tu tarjeta de identificaci\u00f3n de miembro o accedan al enlace asociado. El personal m\u00e9dico ver\u00e1 toda la informaci\u00f3n m\u00e9dica relevante y tu testamento vital. (Puedes ver todo el testamento vital bajo <a href=\"https:\/\/safeblood.net\/es\/ejemplo-de-testamento-vital\/\" target=\"_blank\" rel=\"noopener\">Ejemplo de Testamento Vital<\/a>).<\/p>\n<p>Un plus importante aqu\u00ed es que el personal presente puede traducir esta informaci\u00f3n de emergencia directamente en el sitio web a todos los idiomas comunes del mundo en cuesti\u00f3n de segundos (imagen a la derecha). Esto garantiza que seas tratado adecuadamente en todo el mundo.<\/p>\n<p>Si deseas tu propia informaci\u00f3n de emergencia, ve a <a href=\"https:\/\/safeblood.net\/es\/iniciar-sesion-login\/\" target=\"_blank\" rel=\"noopener\">Iniciar sesi\u00f3n \/ Login<\/a>\u00a0como miembro aqu\u00ed, donde puedes modificar la plantilla como desees. O puedes hacerte miembro <a href=\"https:\/\/safeblood.net\/es\/hazte-miembro\/\" target=\"_blank\" rel=\"noopener\">aqu\u00ed<\/a>. Entonces, no solo tendr\u00e1s tu propio testamento vital y tarjeta de miembro\/tarjeta de identificaci\u00f3n de grupo sangu\u00edneo, sino tambi\u00e9n un c\u00f3digo de emergencia individual.<\/p>\n<p><a href=\"https:\/\/safeblood.se\/wp-content\/uploads\/2024\/05\/notfallinfo-medical-personal-sample-scaled-espanol.jpg\"><img loading=\"lazy\" class=\"alignleft size-full wp-image-75974\" src=\"https:\/\/safeblood.se\/wp-content\/uploads\/2024\/05\/notfallinfo-medical-personal-sample-scaled-espanol.jpg\" alt=\"\" width=\"2560\" height=\"1668\" srcset=\"https:\/\/safeblood.se\/wp-content\/uploads\/2024\/05\/notfallinfo-medical-personal-sample-scaled-espanol.jpg 2560w, https:\/\/safeblood.se\/wp-content\/uploads\/2024\/05\/notfallinfo-medical-personal-sample-scaled-espanol-300x195.jpg 300w, https:\/\/safeblood.se\/wp-content\/uploads\/2024\/05\/notfallinfo-medical-personal-sample-scaled-espanol-1024x667.jpg 1024w, https:\/\/safeblood.se\/wp-content\/uploads\/2024\/05\/notfallinfo-medical-personal-sample-scaled-espanol-768x500.jpg 768w, https:\/\/safeblood.se\/wp-content\/uploads\/2024\/05\/notfallinfo-medical-personal-sample-scaled-espanol-1536x1001.jpg 1536w, https:\/\/safeblood.se\/wp-content\/uploads\/2024\/05\/notfallinfo-medical-personal-sample-scaled-espanol-2048x1334.jpg 2048w\" sizes=\"(max-width: 2560px) 100vw, 2560px\" \/><\/a>[\/vc_column_text][\/vc_column][\/vc_row]\n","protected":false},"excerpt":{"rendered":"<p>[vc_row type=\u00bbin_container\u00bb full_screen_row_position=\u00bbmiddle\u00bb column_margin=\u00bbdefault\u00bb column_direction=\u00bbdefault\u00bb column_direction_tablet=\u00bbdefault\u00bb column_direction_phone=\u00bbdefault\u00bb scene_position=\u00bbcenter\u00bb text_color=\u00bbdark\u00bb text_align=\u00bbleft\u00bb row_border_radius=\u00bbnone\u00bb row_border_radius_applies=\u00bbbg\u00bb overlay_strength=\u00bb0.3&#8243; gradient_direction=\u00bbleft_to_right\u00bb shape_divider_position=\u00bbbottom\u00bb bg_image_animation=\u00bbnone\u00bb][vc_column column_padding=\u00bbno-extra-padding\u00bb column_padding_tablet=\u00bbinherit\u00bb column_padding_phone=\u00bbinherit\u00bb column_padding_position=\u00bball\u00bb column_element_spacing=\u00bbdefault\u00bb background_color_opacity=\u00bb1&#8243; background_hover_color_opacity=\u00bb1&#8243; column_shadow=\u00bbnone\u00bb column_border_radius=\u00bbnone\u00bb column_link_target=\u00bb_self\u00bb gradient_direction=\u00bbleft_to_right\u00bb overlay_strength=\u00bb0.3&#8243; width=\u00bb1\/1&#8243; tablet_width_inherit=\u00bbdefault\u00bb&#8230;<\/p>\n","protected":false},"author":2,"featured_media":0,"parent":0,"menu_order":0,"comment_status":"closed","ping_status":"closed","template":"","meta":[],"_links":{"self":[{"href":"https:\/\/safeblood.se\/es\/wp-json\/wp\/v2\/pages\/75715"}],"collection":[{"href":"https:\/\/safeblood.se\/es\/wp-json\/wp\/v2\/pages"}],"about":[{"href":"https:\/\/safeblood.se\/es\/wp-json\/wp\/v2\/types\/page"}],"author":[{"embeddable":true,"href":"https:\/\/safeblood.se\/es\/wp-json\/wp\/v2\/users\/2"}],"replies":[{"embeddable":true,"href":"https:\/\/safeblood.se\/es\/wp-json\/wp\/v2\/comments?post=75715"}],"version-history":[{"count":6,"href":"https:\/\/safeblood.se\/es\/wp-json\/wp\/v2\/pages\/75715\/revisions"}],"predecessor-version":[{"id":76008,"href":"https:\/\/safeblood.se\/es\/wp-json\/wp\/v2\/pages\/75715\/revisions\/76008"}],"wp:attachment":[{"href":"https:\/\/safeblood.se\/es\/wp-json\/wp\/v2\/media?parent=75715"}],"curies":[{"name":"wp","href":"https:\/\/api.w.org\/{rel}","templated":true}]}}