{"id":75738,"date":"2024-05-06T10:53:45","date_gmt":"2024-05-06T08:53:45","guid":{"rendered":"https:\/\/safeblood.se\/?page_id=75738"},"modified":"2024-05-11T11:31:02","modified_gmt":"2024-05-11T09:31:02","slug":"ejemplo-de-tarjeta-de-miembro","status":"publish","type":"page","link":"https:\/\/safeblood.se\/es\/ejemplo-de-tarjeta-de-miembro\/","title":{"rendered":"Ejemplo de tarjeta de miembro"},"content":{"rendered":"[vc_row type=\u00bbin_container\u00bb full_screen_row_position=\u00bbmiddle\u00bb column_margin=\u00bbdefault\u00bb column_direction=\u00bbdefault\u00bb column_direction_tablet=\u00bbdefault\u00bb column_direction_phone=\u00bbdefault\u00bb scene_position=\u00bbcenter\u00bb text_color=\u00bbdark\u00bb text_align=\u00bbleft\u00bb row_border_radius=\u00bbnone\u00bb row_border_radius_applies=\u00bbbg\u00bb overlay_strength=\u00bb0.3&#8243; gradient_direction=\u00bbleft_to_right\u00bb shape_divider_position=\u00bbbottom\u00bb bg_image_animation=\u00bbnone\u00bb][vc_column column_padding=\u00bbno-extra-padding\u00bb column_padding_tablet=\u00bbinherit\u00bb column_padding_phone=\u00bbinherit\u00bb column_padding_position=\u00bball\u00bb column_element_spacing=\u00bbdefault\u00bb background_color_opacity=\u00bb1&#8243; background_hover_color_opacity=\u00bb1&#8243; column_shadow=\u00bbnone\u00bb column_border_radius=\u00bbnone\u00bb column_link_target=\u00bb_self\u00bb gradient_direction=\u00bbleft_to_right\u00bb overlay_strength=\u00bb0.3&#8243; width=\u00bb1\/1&#8243; tablet_width_inherit=\u00bbdefault\u00bb tablet_text_alignment=\u00bbdefault\u00bb phone_text_alignment=\u00bbdefault\u00bb bg_image_animation=\u00bbnone\u00bb border_type=\u00bbsimple\u00bb column_border_width=\u00bbnone\u00bb column_border_style=\u00bbsolid\u00bb][vc_column_text]En esta p\u00e1gina encontrar\u00e1s un <strong>ejemplo de una tarjeta de socio<\/strong> que tambi\u00e9n sirve como tarjeta de grupo sangu\u00edneo. Introduces los datos t\u00fa mismo al registrarte como socio, y puedes ajustarlos (por ejemplo, la informaci\u00f3n de emergencia) en tu cuenta en cualquier momento.<br \/>\nEsta tarjeta de identificaci\u00f3n tambi\u00e9n contiene una versi\u00f3n abreviada de tu <strong>testamento vital<\/strong>.<br \/>\nPuedes <strong>imprimir<\/strong> la tarjeta de identificaci\u00f3n en casa, en la oficina, desde un proveedor en l\u00ednea o en una tienda de copias. En papel (imprimir, doblar y plastificar) o en una tarjeta de pl\u00e1stico.<br \/>\nPero tambi\u00e9n puedes <strong>usarla digitalmente<\/strong>, por ejemplo, descargarla en tu tel\u00e9fono inteligente y guardarla all\u00ed en tu \u00e1lbum de fotos o en Apple Wallet o similar.<br \/>\nAdem\u00e1s, puedes <strong>importar tanto la identificaci\u00f3n de socio como el testamento vital<\/strong> directamente en la informaci\u00f3n de emergencia de tu tel\u00e9fono inteligente, que el personal m\u00e9dico de emergencia puede recuperar sin tener que desbloquear el tel\u00e9fono.<br \/>\nEl <strong>c\u00f3digo QR<\/strong> y el enlace anterior tambi\u00e9n son <strong>para el personal m\u00e9dico de emergencia<\/strong>. Escanear este c\u00f3digo\/enlace los llevar\u00e1 directamente a tu testamento vital y a todos los datos m\u00e9dicos relevantes, en una versi\u00f3n especial solo para profesionales, donde encontrar\u00e1n la opci\u00f3n de <strong>traducir<\/strong> estos datos a los principales idiomas del mundo en pocos segundos.<\/p>\n<p><strong>Testamento vital:<\/strong><\/p>\n<p>El bot\u00f3n \u00abVer testamento vital\u00bb te permite <strong>ver tu testamento vital<\/strong>. Sin embargo, antes de hacerlo, debes <strong>editar y guardar primero<\/strong> (encontrar\u00e1s una plantilla que puedes personalizar a tu gusto).<a href=\"https:\/\/safeblood.se\/wp-content\/uploads\/2024\/05\/membercard.jpg\"><img loading=\"lazy\" class=\"alignleft size-full wp-image-75985\" src=\"https:\/\/safeblood.se\/wp-content\/uploads\/2024\/05\/membercard.jpg\" alt=\"\" width=\"2406\" height=\"1680\" srcset=\"https:\/\/safeblood.se\/wp-content\/uploads\/2024\/05\/membercard.jpg 2406w, https:\/\/safeblood.se\/wp-content\/uploads\/2024\/05\/membercard-300x209.jpg 300w, https:\/\/safeblood.se\/wp-content\/uploads\/2024\/05\/membercard-1024x715.jpg 1024w, https:\/\/safeblood.se\/wp-content\/uploads\/2024\/05\/membercard-768x536.jpg 768w, https:\/\/safeblood.se\/wp-content\/uploads\/2024\/05\/membercard-1536x1073.jpg 1536w, https:\/\/safeblood.se\/wp-content\/uploads\/2024\/05\/membercard-2048x1430.jpg 2048w\" sizes=\"(max-width: 2406px) 100vw, 2406px\" \/><\/a>[\/vc_column_text][\/vc_column][\/vc_row]\n","protected":false},"excerpt":{"rendered":"<p>[vc_row type=\u00bbin_container\u00bb full_screen_row_position=\u00bbmiddle\u00bb column_margin=\u00bbdefault\u00bb column_direction=\u00bbdefault\u00bb column_direction_tablet=\u00bbdefault\u00bb column_direction_phone=\u00bbdefault\u00bb scene_position=\u00bbcenter\u00bb text_color=\u00bbdark\u00bb text_align=\u00bbleft\u00bb row_border_radius=\u00bbnone\u00bb row_border_radius_applies=\u00bbbg\u00bb overlay_strength=\u00bb0.3&#8243; gradient_direction=\u00bbleft_to_right\u00bb shape_divider_position=\u00bbbottom\u00bb bg_image_animation=\u00bbnone\u00bb][vc_column column_padding=\u00bbno-extra-padding\u00bb column_padding_tablet=\u00bbinherit\u00bb column_padding_phone=\u00bbinherit\u00bb column_padding_position=\u00bball\u00bb column_element_spacing=\u00bbdefault\u00bb background_color_opacity=\u00bb1&#8243; background_hover_color_opacity=\u00bb1&#8243; column_shadow=\u00bbnone\u00bb column_border_radius=\u00bbnone\u00bb column_link_target=\u00bb_self\u00bb gradient_direction=\u00bbleft_to_right\u00bb overlay_strength=\u00bb0.3&#8243; width=\u00bb1\/1&#8243; tablet_width_inherit=\u00bbdefault\u00bb&#8230;<\/p>\n","protected":false},"author":2,"featured_media":0,"parent":0,"menu_order":0,"comment_status":"closed","ping_status":"closed","template":"","meta":[],"_links":{"self":[{"href":"https:\/\/safeblood.se\/es\/wp-json\/wp\/v2\/pages\/75738"}],"collection":[{"href":"https:\/\/safeblood.se\/es\/wp-json\/wp\/v2\/pages"}],"about":[{"href":"https:\/\/safeblood.se\/es\/wp-json\/wp\/v2\/types\/page"}],"author":[{"embeddable":true,"href":"https:\/\/safeblood.se\/es\/wp-json\/wp\/v2\/users\/2"}],"replies":[{"embeddable":true,"href":"https:\/\/safeblood.se\/es\/wp-json\/wp\/v2\/comments?post=75738"}],"version-history":[{"count":6,"href":"https:\/\/safeblood.se\/es\/wp-json\/wp\/v2\/pages\/75738\/revisions"}],"predecessor-version":[{"id":76009,"href":"https:\/\/safeblood.se\/es\/wp-json\/wp\/v2\/pages\/75738\/revisions\/76009"}],"wp:attachment":[{"href":"https:\/\/safeblood.se\/es\/wp-json\/wp\/v2\/media?parent=75738"}],"curies":[{"name":"wp","href":"https:\/\/api.w.org\/{rel}","templated":true}]}}