{"id":77195,"date":"2024-07-13T12:08:13","date_gmt":"2024-07-13T10:08:13","guid":{"rendered":"https:\/\/safeblood.se\/?page_id=77195"},"modified":"2026-01-10T15:21:02","modified_gmt":"2026-01-10T14:21:02","slug":"protocolos-de-tratamiento","status":"publish","type":"page","link":"https:\/\/safeblood.se\/es\/protocolos-de-tratamiento\/","title":{"rendered":"Protocolos de tratamiento"},"content":{"rendered":"[vc_row type=\u00bbin_container\u00bb full_screen_row_position=\u00bbmiddle\u00bb column_margin=\u00bbdefault\u00bb column_direction=\u00bbdefault\u00bb column_direction_tablet=\u00bbdefault\u00bb column_direction_phone=\u00bbdefault\u00bb scene_position=\u00bbcenter\u00bb text_color=\u00bbdark\u00bb text_align=\u00bbleft\u00bb row_border_radius=\u00bbnone\u00bb row_border_radius_applies=\u00bbbg\u00bb overlay_strength=\u00bb0.3&#8243; gradient_direction=\u00bbleft_to_right\u00bb shape_divider_position=\u00bbbottom\u00bb bg_image_animation=\u00bbnone\u00bb][vc_column column_padding=\u00bbno-extra-padding\u00bb column_padding_tablet=\u00bbinherit\u00bb column_padding_phone=\u00bbinherit\u00bb column_padding_position=\u00bball\u00bb column_element_spacing=\u00bbdefault\u00bb background_color_opacity=\u00bb1&#8243; background_hover_color_opacity=\u00bb1&#8243; column_shadow=\u00bbnone\u00bb column_border_radius=\u00bbnone\u00bb column_link_target=\u00bb_self\u00bb gradient_direction=\u00bbleft_to_right\u00bb overlay_strength=\u00bb0.3&#8243; width=\u00bb1\/1&#8243; tablet_width_inherit=\u00bbdefault\u00bb tablet_text_alignment=\u00bbdefault\u00bb phone_text_alignment=\u00bbdefault\u00bb bg_image_animation=\u00bbnone\u00bb border_type=\u00bbsimple\u00bb column_border_width=\u00bbnone\u00bb column_border_style=\u00bbsolid\u00bb][vc_column_text]\n<h3>Protocolos de tratamiento por autor\/organizaci\u00f3n<\/h3>\n<p>\u00bfQuieres saber la mejor manera de deshacerte de los residuos de la vacuna de ARNm, ya sea que hayas recibido una vacuna directamente o te hayas contaminado de alguna otra manera? El procedimiento para el tratamiento es siempre el mismo.<\/p>\n<p>Dif\u00edcilmente existe \u00abuna sola hierba\u00bb que sea la soluci\u00f3n para una desintoxicaci\u00f3n adecuada, pero generalmente es la combinaci\u00f3n de varias hierbas, medicamentos o t\u00e9cnicas. Los autores que listamos a continuaci\u00f3n han compilado estos en \u00abprotocolos\u00bb. Tienes un enlace al protocolo o un archivo para descargar. Para una persona, un protocolo puede ser la mejor soluci\u00f3n, para otra persona un enfoque diferente. Recomendamos que contactes a un profesional de la salud (idealmente un natur\u00f3pata con experiencia en la desintoxicaci\u00f3n de ARNm) para apoyarte y ayudarte a elegir el mejor protocolo para tu caso.<\/p>\n<p>Puedes encontrar un terapeuta aqu\u00ed: <a href=\"https:\/\/safeblood.net\/es\/encontrar-una-instalacion-medica\/\" target=\"_blank\" rel=\"noopener\">Buscar un socio m\u00e9dico<\/a>\u00a0y considerar analizar tu sangre antes y despu\u00e9s de un ciclo de tratamiento con este an\u00e1lisis: <a href=\"https:\/\/safeblood.net\/es\/analisis-residual-de-la-vacuna-covid19\/\" target=\"_blank\" rel=\"noopener\">An\u00e1lisis de Residuos de la Vacuna Covid19<\/a> o cualquiera de los otros m\u00e9todos de diagn\u00f3stico que listamos en <a href=\"https:\/\/safeblood.net\/es\/metodos-de-diagnostico\/\" target=\"_blank\" rel=\"noopener\">https:\/\/safeblood.net\/es\/metodos-de-diagnostico\/<\/a>.<\/p>\n<p><strong>\u00bfC\u00f3mo sabemos cu\u00e1l es el mejor protocolo? \u00bfFunciona?<\/strong> Bueno, es mejor usar el mencionado An\u00e1lisis de Residuos de la Vacuna Covid19 antes y despu\u00e9s, pero por supuesto, te gustar\u00eda saber antes de comenzar un programa cu\u00e1l es el adecuado para ti. Puedes buscar testimonios, pero incluso entonces no puedes estar seguro si realmente funcionar\u00e1 en tu caso. Peor a\u00fan, algunos de los m\u00e9dicos que recomiendan su protocolo advierten espec\u00edficamente contra el uso de otros protocolos, y solo el tiempo dir\u00e1 qui\u00e9n ten\u00eda raz\u00f3n. Tenemos algunos m\u00e9dicos muy famosos que est\u00e1n muy activos en la resistencia pero est\u00e1n asociados con organizaciones cuestionables como, solo uno de varios, el Dr. Peter McCullough y TWC (The Wellness Company), que es muy activa como empresa pero genera fuertes dudas sobre sus verdaderas intenciones. No podemos pasar por alto hechos como <a href=\"https:\/\/rumble.com\/v4hhuou-twc-red-flags-the-expanding-narrative-network.html\" target=\"_blank\" rel=\"noopener\">este informe en Rumble<\/a> o <a href=\"https:\/\/safeblood.se\/wp-content\/uploads\/2024\/06\/The-Wellness-Company-by-Kristin-Elizabeth.pdf\" target=\"_blank\" rel=\"noopener\">este archivo PDF<\/a>.<\/p>\n<p>En la resistencia, siempre tenemos que tener mucho cuidado con la oposici\u00f3n controlada que intenta socavar nuestros esfuerzos. As\u00ed que s\u00ed, hay algunas dudas sobre McCullough, The Wellness Company y otros, pero sin duda McCullough tambi\u00e9n ha publicado muchos art\u00edculos \u00fatiles y ciertamente ha ayudado a despertar a muchas personas sobre las vacunas de ARNm; es una de las figuras m\u00e1s populares e incansables y uno de los pocos MDs que ataca abiertamente a Big Pharma. Personalmente, siempre soy un poco cauteloso cuando alguien publica hasta 10 publicaciones DIARIAS en diferentes plataformas (como Telegram, Epoch Times, etc.), como McCullough o la Dra. Ariyana Love, esta \u00faltima tambi\u00e9n con protocolos muy interesantes, pero atacando incansablemente a otros m\u00e9dicos como McCollough o Ana Maria Mihalcea, incluso afirmando que Mihalcea trabaja para la CIA. Ahora, todos sabemos que TODOS los medios de comunicaci\u00f3n tradicionales se han convertido en portavoces de prensa y ayudantes del Nuevo Orden Mundial. Y tambi\u00e9n sabemos que los hechos reales y las historias verdaderas solo se transmiten en plataformas como Telegram o canales de televisi\u00f3n por internet de la resistencia. Hoy en d\u00eda, puedes encontrar f\u00e1cilmente toda la informaci\u00f3n REAL en internet, pero en esta avalancha de informaci\u00f3n a menudo es dif\u00edcil distinguir entre la informaci\u00f3n verdadera y la oposici\u00f3n controlada, los ayudantes del NWO. Mi consejo: ten cuidado, verifica y vuelve a verificar, y antes de decidirte por un protocolo de tratamiento u otro, invierte tiempo y rev\u00edsalos bien.<\/p>\n<p>Una \u00faltima nota: Ten cuidado al mezclar diferentes protocolos, ya que los componentes individuales tambi\u00e9n pueden presentar contraindicaciones. Un ejemplo: la Dra. Ariyana Love escribe en su protocolo que no debes usar ning\u00fan tipo de dispositivo electr\u00f3nico como BioResonance o similar en los primeros tres meses de su programa. Normalmente, recomiendo el uso de estos dispositivos como muy \u00fatiles para la mayor\u00eda de los programas, pero si esto no funciona para su protocolo, me ce\u00f1ir\u00eda a las recomendaciones.<\/p>\n<p>Perd\u00f3n por la larga introducci\u00f3n, pero estos son hechos que debes tener en cuenta. Y finalmente, aqu\u00ed est\u00e1n los prometidos protocolos, en orden alfab\u00e9tico (por primer nombre):<\/p>\n<h3><span style=\"color: #ff0000;\">A<\/span><\/h3>\n<p><strong>La Dra. Ana Maria Mihalcea<\/strong>, MD, Phd,\u00a0es pionera en la investigaci\u00f3n de la nanotecnolog\u00eda autoorganizada y la biolog\u00eda sint\u00e9tica en la sangre humana, as\u00ed como del fen\u00f3meno de la transmisi\u00f3n de armas biol\u00f3gicas COVID-19 a trav\u00e9s de vacunas a personas no vacunadas.<br \/>\nP\u00e1gina web: <a href=\"https:\/\/dranamihalcea.com\/\" target=\"_blank\" rel=\"noopener\">dranamihalcea.com<\/a> (en ingl\u00e9s)<br \/>\nSu <a href=\"https:\/\/anamihalceamdphd.substack.com\/?utm_source=substack&amp;utm_medium=email\" target=\"_blank\" rel=\"noopener\">canal Substack<\/a> (en ingl\u00e9s, \u00a1solo para personas con nervios de acero!)<br \/>\nComentario: La Dra. Mihalcea no tiene un protocolo propiamente dicho, ya que su enfoque no es m\u00e9dico ni bioqu\u00edmico, sino que va mucho m\u00e1s all\u00e1, pero recomiendo <a href=\"https:\/\/dranamihalcea.com\/books\" target=\"_blank\" rel=\"noopener\">sus libros<\/a> a todas las personas afectadas que deseen obtener m\u00e1s informaci\u00f3n.<\/p>\n<p><strong>Dr. Andreas Ludwig Kalcker<\/strong>, investigador biof\u00edsico<br \/>\nP\u00e1gina web: <a href=\"https:\/\/andreaskalcker.com\/\" target=\"_blank\" rel=\"noopener\">https:\/\/andreaskalcker.com (espanol)<\/a>\u00a0(incluidos todos los protocolos de tratamiento)<br \/>\nPlataforma de testimonios en v\u00eddeo en <a href=\"http:\/\/www.dioxitube.com\/\" target=\"_blank\" rel=\"noopener\">www.dioxitube.com<\/a><br \/>\n<a href=\"https:\/\/www.hilarispublisher.com\/open-access\/chlorine-dioxide-in-covid19-mechanism-of-molecular-action-in-sarscov2.pdf\" target=\"_blank\" rel=\"noopener\">Art\u00edculo publicado en el Journal of Molecular and Genetic Medicine (PDF<\/a><br \/>\nComentarios: Principalmente CDS\/CDL (CIO2), di\u00f3xido de cloro. Autor de varios libros sobre Covid.<br \/>\n<em>IMPORTANTE: El CDL es una sustancia que, si se utiliza de forma inadecuada, puede causar da\u00f1os considerables. Consulte estos 20 estudios que lo demuestran.<\/em><\/p>\n<p><strong>Dr. Andrew Rallis, Phd<\/strong>, investigador cient\u00edfico independiente<br \/>\nP\u00e1gina web: <a href=\"https:\/\/www.dr-andrew-s-rallis.com\/\" target=\"_blank\" rel=\"noopener\">https:\/\/www.dr-andrew-s-rallis.com\/<\/a><br \/>\n<a href=\"https:\/\/www.dr-andrew-s-rallis.com\/post\/therapies-for-alleviating-the-toxic-and-pathological-effects-of-the-experimental-covid-19-vaccine\" target=\"_blank\" rel=\"noopener\">Protocolo (PDF) (ingl\u00e9s)<\/a><br \/>\nComentarios: No es una lectura de 5 minutos, pero muy completo, considera todos los aspectos de las inyecciones de ARNm.<\/p>\n<p><strong>Dr. Ariyana Love, ND<\/strong><br \/>\nSubstack: <a href=\"https:\/\/drloveariyana.substack.com\/\" target=\"_blank\" rel=\"noopener\">https:\/\/drloveariyana.substack.com\/<\/a><br \/>\n<a href=\"https:\/\/drloveariyana.substack.com\/p\/dr-ariyana-loves-premium-detox-protocol?r=2juwfo&amp;utm_campaign=post&amp;utm_medium=web&amp;triedRedirect=true\" target=\"_blank\" rel=\"noopener\">Protocolo (ingl\u00e9s)<\/a><br \/>\n<a href=\"https:\/\/drloveariyana.substack.com\/p\/affordable-for-all-detox-protocol-021\" target=\"_blank\" rel=\"noopener\">Protocolo sencillo (ingl\u00e9s)<\/a><br \/>\nComentarios: Muy completo. Requiere contactar a la Dra. Love para obtener informaci\u00f3n adicional.<\/p>\n<h3><span style=\"color: #ff0000;\">F<\/span><\/h3>\n<p><strong>FLCCC ALLIANCE<\/strong>, Front Line COVID-19 Critical Care Alliance (FLCCC)<br \/>\nP\u00e1gina web: <a href=\"https:\/\/covid19criticalcare.com\/\" target=\"_blank\" rel=\"noopener\">https:\/\/covid19criticalcare.com\/<\/a><br \/>\n<a href=\"https:\/\/covid19criticalcare.com\/protocol\/i-prevent-vaccine-injury\/\" target=\"_blank\" rel=\"noopener\">Protocolo (ingl\u00e9s)<\/a><br \/>\n<a href=\"https:\/\/safeblood.se\/wp-content\/uploads\/2024\/06\/Harrys-Notfall-Programm-Stand-01.11.2023.pdf\" target=\"_blank\" rel=\"noopener\">Programa de emergencia de Harry<\/a>, PDF, (alem\u00e1n), muy completo<br \/>\nComentarios: F\u00e1cil de seguir. P\u00e1gina web completa de una de las primeras organizaciones de profesionales m\u00e9dicos cr\u00edticos, desde 2020 \u2013 son incre\u00edbles.<\/p>\n<h3><span style=\"color: #ff0000;\">J<\/span><\/h3>\n<p><strong>James Roguski<\/strong>, periodista y luchador por la libertad de la salud<br \/>\nSubstack Channel: <a href=\"https:\/\/jamesroguski.substack.com\/\" target=\"_blank\" rel=\"noopener\">https:\/\/jamesroguski.substack.com\/<\/a><br \/>\n<a href=\"https:\/\/jamesroguski.substack.com\/p\/the-complete-guide-to-health\" target=\"_blank\" rel=\"noopener\">Su protocolo para la salud general<\/a><br \/>\nComentarios: No espec\u00edfico para ARNm, pero vale la pena leer. Se sugiere suscribirse a su bolet\u00edn.<\/p>\n<h3><span style=\"color: #ff0000;\">K<\/span><\/h3>\n<p><strong>Katharina Koenig<\/strong>,\u00a0v\u00edctima de la vacuna y autora de numerosas demandas contra todos los posibles autores y responsables del delito del Covid y de la vacunaci\u00f3n. Luchadora incansable.<br \/>\nSu canal de Telegram (\u00a1suscr\u00edbase!): <a href=\"https:\/\/t.me\/ich_will_leben\" target=\"_blank\" rel=\"noopener\">@ich_will_leben<\/a><br \/>\n<a href=\"https:\/\/safeblood.se\/wp-content\/uploads\/2025\/11\/Katharina-Koenig-Detox-neu-29-Oktober-2025.pdf\" target=\"_blank\" rel=\"noopener\">Enlace al protocolo para descargar (en alem\u00e1n)<\/a><br \/>\nComentario: Katharina Koenig es ella misma una v\u00edctima grave de los da\u00f1os causados por las vacunas, fue abandonada por los m\u00e9dicos y se cur\u00f3 por completo con su propio protocolo. La conoc\u00ed personalmente en unas conferencias y vi con mis propios ojos su evoluci\u00f3n, de estar gravemente enferma a gozar de buena salud. Es evidente que su protocolo le ha funcionado. Muy laborioso, pero documentado de forma exhaustiva, tambi\u00e9n con estos enlaces adicionales:<br \/>\n<a href=\"https:\/\/safeblood.se\/wp-content\/uploads\/2025\/11\/Katharina-Koenig-Chronic-Fatique-Syndrom-Therapie-25.10.2025.pdf\" target=\"_blank\" rel=\"noopener\">Katharina-Koenig-Chronic-Fatique-Syndrom-Therapie<\/a><br \/>\n<a href=\"https:\/\/safeblood.se\/wp-content\/uploads\/2025\/11\/powepoint-katharina-koenig.pdf\" target=\"_blank\" rel=\"noopener\">Katharina-Koenig &#8211; su historia<\/a><\/p>\n<h3><span style=\"color: #ff0000;\">M<\/span><\/h3>\n<p><strong>MWGFD.ev<\/strong>, asociaci\u00f3n alemana de profesionales m\u00e9dicos conscientes.<br \/>\nPresidente honorario: <strong>Prof. Dr. Sucharit Bhakdi<\/strong><br \/>\nP\u00e1gina web: <a href=\"https:\/\/www.mwgfd.org\/\" target=\"_blank\" rel=\"noopener\">https:\/\/www.mwgfd.org\/<\/a><br \/>\n<a href=\"https:\/\/www.mwgfd.org\/zur-c-impfung\/\" target=\"_blank\" rel=\"noopener\">Protocolo<\/a>, por Kristina Wolff, ND<br \/>\n<a href=\"https:\/\/www.mwgfd.org\/angebot-fuer-hilfesuchende\/\" target=\"_blank\" rel=\"noopener\">2\u00ba Protocolo<\/a>, corto, tambi\u00e9n para casos de emergencia<br \/>\nComentarios: Adem\u00e1s de los protocolos, una p\u00e1gina web muy \u00fatil con todo tipo de informaci\u00f3n.<\/p>\n<h3><span style=\"color: #ff0000;\">N<\/span><\/h3>\n<p><strong>Nathan Petersburg, ND, FNMI<\/strong>, natur\u00f3pata y desarrollador del exclusivo an\u00e1lisis de sangre C19VRA y de la f\u00f3rmula homeop\u00e1tica Genetic Rewind.<br \/>\nP\u00e1gina web: <a href=\"https:\/\/www.createdforhealth.com\/\" target=\"_blank\" rel=\"noopener\">Created for Health<\/a><br \/>\n<a href=\"https:\/\/safeblood.net\/es\/analisis-residual-de-la-vacuna-covid19\/\" target=\"_blank\" rel=\"noopener\">Enlace para C19VRA y Genetic Rewind<\/a><br \/>\nComentario: An\u00e1lisis sangu\u00edneo \u00fanico basado en la f\u00edsica cu\u00e1ntica y f\u00f3rmula para \u00abreiniciar\u00bb el ADN tras da\u00f1os causados por vacunas y eliminar los residuos de ARNm. Probado y recomendado por SafeBlood.<\/p>\n<p><strong>Dr. Nicolas Hulscher, MPH<\/strong>, epidemi\u00f3logo de la Fundaci\u00f3n McCullough. Autor de numerosos art\u00edculos y tambi\u00e9n de la recopilaci\u00f3n que figura a continuaci\u00f3n.<br \/>\nCanal Substack: <a href=\"https:\/\/substack.com\/@nichulscher\" target=\"_blank\" rel=\"noopener\">https:\/\/substack.com\/@nichulscher<\/a><br \/>\n<a href=\"https:\/\/www.thefocalpoints.com\/p\/5-evidence-based-approaches-to-healing\" target=\"_blank\" rel=\"noopener\">V\u00eddeo sobre puntos focales<\/a> con diversos protocolos.<br \/>\nComentario: Como epidemi\u00f3logo jefe de la Fundaci\u00f3n McCullough, recomienda naturalmente los protocolos McCullough, pero no solo esos.<\/p>\n<h3><span style=\"color: #ff0000;\">P<\/span><\/h3>\n<p><strong>Dr. Peter Hermann, MD<\/strong>, GENIPLET, medicina reproductiva<br \/>\nP\u00e1gina web: <a href=\"https:\/\/www.geniplet.com\/\" target=\"_blank\" rel=\"noopener\">https:\/\/www.geniplet.com\/<\/a><br \/>\n<a href=\"https:\/\/www.geniplet.com\/patienteninfo-01-2021\/\" target=\"_blank\" rel=\"noopener\">Protocolo (alem\u00e1n)<\/a><br \/>\nComentario: Uno de los pocos especialistas conscientes en medicina reproductiva, tambi\u00e9n socio de <a href=\"https:\/\/safereproduction.net\/\" target=\"_blank\" rel=\"noopener\">safereproduction.net<\/a><\/p>\n<p><strong>Dr. Peter A. McCullough, MD<\/strong>, figura extremadamente popular pero controvertida en la resistencia<br \/>\nP\u00e1gina web: <a href=\"https:\/\/mcculloughfnd.org\/\" target=\"_blank\" rel=\"noopener\">https:\/\/mcculloughfnd.org\/<\/a><br \/>\n<a href=\"https:\/\/zenodo.org\/records\/8286460\" target=\"_blank\" rel=\"noopener\">Protocolo<\/a> (necesita descargarse como archivo WORD)<br \/>\n<a href=\"https:\/\/www.activistpost.com\/2023\/09\/dr-peter-mcculloughs-protocol-for-covid-covid-shots.html\" target=\"_blank\" rel=\"noopener\">Otro enlace al protocolo (con m\u00e1s informaci\u00f3n)<\/a><br \/>\n<a href=\"https:\/\/www.theepochtimes.com\/health\/holy-grail-of-covid-19-spike-protein-detoxification-5075372?utm_source=top5noe&amp;src_src=top5noe&amp;utm_campaign=top5-2023-03-04-one&amp;src_cmp=top5-2023-03-04-one&amp;utm_medium=email&amp;est=lUqk5P7GqX%2BiHGZN%2FuqyzO%2BlDvvAnipaup2u0DBzmlvivTM55auckwjRvSkBxhM%3D\" target=\"_blank\" rel=\"noopener\">Art\u00edculo sobre Nattokinase<\/a><br \/>\nComentarios: Enfoque en la prote\u00edna de pico, muy f\u00e1cil de seguir. Nota: McCullough ha promovido recientemente una nueva forma de terapia <a href=\"https:\/\/osf.io\/preprints\/osf\/qxbgu\" target=\"_blank\" rel=\"noopener\">en este art\u00edculo<\/a>, el tratamiento del da\u00f1o del ARNm con siRNA (la misma tecnolog\u00eda), lo cual consideramos bastante atrevido por decir lo menos, y que ciertamente no recomendar\u00edamos.<\/p>\n<h3><span style=\"color: #ff0000;\">R<\/span><\/h3>\n<p><strong>Ralf Tillenburg<\/strong>, D\u00fcsseldorf, Alemania, m\u00e9dico especialista en medicina interna y general, consulta especializada en da\u00f1os causados por la vacuna contra el coronavirus..<br \/>\nP\u00e1gina web: <a href=\"https:\/\/www.praxis-tillenburg.de\/\" target=\"_blank\" rel=\"noopener\">https:\/\/www.praxis-tillenburg.de\/<\/a><br \/>\n<a href=\"https:\/\/safeblood.se\/wp-content\/uploads\/2024\/07\/Patientenbrief_Impfschaden_V3.pdf\" target=\"_blank\" rel=\"noopener\">Su informe, disponible para descargar en formato PDF (en alem\u00e1n).<\/a><br \/>\n<a href=\"https:\/\/substack.com\/@ralftillenburg\" target=\"_blank\" rel=\"noopener\">Su canal Substack<\/a> (\u00a1suscr\u00edbase!) con informes actualizados.<br \/>\n<a href=\"https:\/\/t.me\/coronawissenschaft\" target=\"_blank\" rel=\"noopener\">Su canal de Telegram.<\/a>.<br \/>\nComentario: Experto con amplia experiencia en el \u00e1mbito de los da\u00f1os causados por vacunas.<\/p>\n<p><strong>React19<\/strong>, <em>organizaci\u00f3n sin fines de lucro basada en la ciencia que ofrece apoyo financiero, f\u00edsico y emocional a aquellos que sufren eventos adversos a largo plazo de la vacuna Covid-19 a nivel mundial.<br \/>\n<\/em>P\u00e1gina web: <a href=\"https:\/\/react19.org\/\" target=\"_blank\" rel=\"noopener\">https:\/\/react19.org\/<\/a><br \/>\n<a href=\"https:\/\/react19.org\/patients\/patient-resources-education#guides\" target=\"_blank\" rel=\"noopener\">Protocolo del Dr. Paul Marik<\/a><br \/>\n<a href=\"https:\/\/rumble.com\/v28t7tm-patient-education-webinar-treating-post-covid-vaccine-injury-with-dr.-paul-.html\" target=\"_blank\" rel=\"noopener\">Enlace directo en Rumble<\/a><br \/>\nComentarios: Video de 1 hora, recomendado ver todo el video. Mucha otra informaci\u00f3n \u00fatil en el sitio web.<\/p>\n<h3><span style=\"color: #ff0000;\">V<br \/>\n<\/span><\/h3>\n<p><strong>Varios autores<\/strong>, protocolos como resultado de la colaboraci\u00f3n entre varios especialistas<br \/>\n<a href=\"https:\/\/safeblood.net\/wp-content\/uploads\/2022\/12\/PVS-overview-for-therapists.pdf\" target=\"_blank\" rel=\"noopener\">Protocolo para descargar como PDF de varios profesionales m\u00e9dicos alemanes (ingl\u00e9s)<\/a><br \/>\nComentarios: Desde 2022, una de las primeras recomendaciones, todav\u00eda una buena lectura, con informaci\u00f3n de fondo<\/p>\n<p><strong>Varios autores<\/strong>,\u00a0<strong>Protocolos para aumentar el nivel de hemoglobina<\/strong>, un m\u00e9todo para evitar la transfusi\u00f3n<br \/>\n<a href=\"https:\/\/safeblood.net\/wp-content\/uploads\/2024\/07\/RAISE-YOUR-HEMOGLOBIN-Two-Protocols-1.pdf\" target=\"_blank\" rel=\"noopener\">PDF descarga: AUMENTA TU HEMOGLOBINA, Protocolo de Brigitte + Lisa<\/a><br \/>\n<a href=\"https:\/\/safeblood.net\/wp-content\/uploads\/2024\/10\/Natural-remedy-to-boost-hemoglobin-in-the-blood.pdf\" target=\"_blank\" rel=\"noopener\">Descargar PDF: Remedio natural para aumentar la hemoglobina en la sangre (franc\u00e9s, italiano + ingl\u00e9s)<\/a><br \/>\nComentarios: Tres protocolos de \u00e9xito de miembros de SafeBlood para aumentar los niveles de hemoglobina.<\/p>\n<p><strong>Varios autores<\/strong>, <em><strong>grupo de Telegram: Impf-Ausleitung, Heilung + Entgiftung<\/strong><\/em><br \/>\n<a href=\"https:\/\/t.me\/ImpfAusleitungen_Heilmittel\" target=\"_blank\" rel=\"noopener\">https:\/\/t.me\/ImpfAusleitungen_Heilmittel (solo alem\u00e1n)<\/a><br \/>\nComentarios: Un grupo de Telegram con muchos protocolos de tratamiento, pero tambi\u00e9n otra informaci\u00f3n. Dif\u00edcil encontrar lo que necesitas, pero vale la pena echar un vistazo.<\/p>\n<h3><span style=\"color: #ff0000;\">W<\/span><\/h3>\n<p><strong>WarriorEssentials<\/strong> (EE. UU.)<br \/>\nP\u00e1gina web: <a href=\"https:\/\/www.mywarrioressentials.com\/\" target=\"_blank\" rel=\"noopener\">https:\/\/www.mywarrioressentials.com\/<\/a><br \/>\n<a href=\"https:\/\/www.mywarrioressentials.com\/?couponCode=SPIKEG&amp;affId=E934549E&amp;c1=3468ba56777f46ef95a928ef8c77ec7d&amp;c2=9&amp;c3=&amp;_ef_transaction_id=3468ba56777f46ef95a928ef8c77ec7d\" target=\"_blank\" rel=\"noopener\">Protocolo (ingl\u00e9s)<\/a><br \/>\nComentarios: Tienen su propia gama de productos. Honestamente, no sabemos mucho sobre ellos. Por favor, env\u00edanos comentarios con tu experiencia<\/p>\n<p><strong>World Council For Health<\/strong>, excelente plataforma para todo tipo de problemas de salud<br \/>\nP\u00e1gina web: <a href=\"https:\/\/worldcouncilforhealth.org\/\" target=\"_blank\" rel=\"noopener\">https:\/\/worldcouncilforhealth.org\/<\/a><br \/>\n<a href=\"https:\/\/worldcouncilforhealth.org\/wp-content\/uploads\/2022\/11\/Spike-detox-Summary_SPA2.pdf\" target=\"_blank\" rel=\"noopener\">Protocolo<\/a><br \/>\nComentarios: F\u00e1cil de entender, enfoque principalmente en la prote\u00edna spike. Versi\u00f3n corta como descarga en PDF en la mayor\u00eda \u00a0de los idiomas.<\/p>\n<p>&nbsp;<\/p>\n<hr \/>\n<p>&nbsp;<\/p>\n<p><strong>Ten en cuenta que SafeBlood no est\u00e1 afiliado de ninguna manera con los autores de estos protocolos y no ofrece asesoramiento m\u00e9dico; simplemente listamos los diversos protocolos para que t\u00fa y tu terapeuta puedan hacer una elecci\u00f3n informada.<\/strong><\/p>\n<p class=\"p1\"><b>AVISO LEGAL:<\/b><\/p>\n<p class=\"p1\"><b>SAFE BLOOD DONATION NO PROPORCIONA CONSEJOS M\u00c9DICOS.<\/b><\/p>\n<p class=\"p1\">La informaci\u00f3n, incluyendo pero no limit\u00e1ndose a, texto, gr\u00e1ficos, im\u00e1genes y otros materiales publicados o transmitidos por Safe Blood Donation y sus afiliados, directores, funcionarios, gerentes, empleados u otros representantes, es solo para fines informativos. Ning\u00fan material est\u00e1 destinado a ser un sustituto del consejo, diagn\u00f3stico o tratamiento m\u00e9dico profesional. Siempre busque el consejo de su proveedor de atenci\u00f3n m\u00e9dica de confianza con cualquier pregunta que pueda tener con respecto a una condici\u00f3n m\u00e9dica o tratamiento y antes de iniciar un nuevo r\u00e9gimen de atenci\u00f3n m\u00e9dica, y nunca ignore el consejo m\u00e9dico profesional ni retrase su b\u00fasqueda debido a algo que haya le\u00eddo o visto en cualquier publicaci\u00f3n o transmisi\u00f3n de Safe Blood Donation.<\/p>\n[\/vc_column_text][\/vc_column][\/vc_row]\n","protected":false},"excerpt":{"rendered":"<p>[vc_row type=\u00bbin_container\u00bb full_screen_row_position=\u00bbmiddle\u00bb column_margin=\u00bbdefault\u00bb column_direction=\u00bbdefault\u00bb column_direction_tablet=\u00bbdefault\u00bb column_direction_phone=\u00bbdefault\u00bb scene_position=\u00bbcenter\u00bb text_color=\u00bbdark\u00bb text_align=\u00bbleft\u00bb row_border_radius=\u00bbnone\u00bb row_border_radius_applies=\u00bbbg\u00bb overlay_strength=\u00bb0.3&#8243; gradient_direction=\u00bbleft_to_right\u00bb shape_divider_position=\u00bbbottom\u00bb bg_image_animation=\u00bbnone\u00bb][vc_column column_padding=\u00bbno-extra-padding\u00bb column_padding_tablet=\u00bbinherit\u00bb column_padding_phone=\u00bbinherit\u00bb column_padding_position=\u00bball\u00bb column_element_spacing=\u00bbdefault\u00bb background_color_opacity=\u00bb1&#8243; background_hover_color_opacity=\u00bb1&#8243; column_shadow=\u00bbnone\u00bb column_border_radius=\u00bbnone\u00bb column_link_target=\u00bb_self\u00bb gradient_direction=\u00bbleft_to_right\u00bb overlay_strength=\u00bb0.3&#8243; width=\u00bb1\/1&#8243; tablet_width_inherit=\u00bbdefault\u00bb&#8230;<\/p>\n","protected":false},"author":2,"featured_media":0,"parent":0,"menu_order":0,"comment_status":"closed","ping_status":"closed","template":"","meta":[],"_links":{"self":[{"href":"https:\/\/safeblood.se\/es\/wp-json\/wp\/v2\/pages\/77195"}],"collection":[{"href":"https:\/\/safeblood.se\/es\/wp-json\/wp\/v2\/pages"}],"about":[{"href":"https:\/\/safeblood.se\/es\/wp-json\/wp\/v2\/types\/page"}],"author":[{"embeddable":true,"href":"https:\/\/safeblood.se\/es\/wp-json\/wp\/v2\/users\/2"}],"replies":[{"embeddable":true,"href":"https:\/\/safeblood.se\/es\/wp-json\/wp\/v2\/comments?post=77195"}],"version-history":[{"count":11,"href":"https:\/\/safeblood.se\/es\/wp-json\/wp\/v2\/pages\/77195\/revisions"}],"predecessor-version":[{"id":81494,"href":"https:\/\/safeblood.se\/es\/wp-json\/wp\/v2\/pages\/77195\/revisions\/81494"}],"wp:attachment":[{"href":"https:\/\/safeblood.se\/es\/wp-json\/wp\/v2\/media?parent=77195"}],"curies":[{"name":"wp","href":"https:\/\/api.w.org\/{rel}","templated":true}]}}