{"id":74298,"date":"2024-03-04T17:18:09","date_gmt":"2024-03-04T16:18:09","guid":{"rendered":"https:\/\/safeblood.se\/?page_id=74298"},"modified":"2025-09-20T18:02:33","modified_gmt":"2025-09-20T16:02:33","slug":"protocoles-de-lassemblee-annuelle","status":"publish","type":"page","link":"https:\/\/safeblood.se\/fr\/protocoles-de-lassemblee-annuelle\/","title":{"rendered":"Protocoles de l&rsquo;assembl\u00e9e annuelle"},"content":{"rendered":"[vc_row type=\u00a0\u00bbin_container\u00a0\u00bb full_screen_row_position=\u00a0\u00bbmiddle\u00a0\u00bb column_margin=\u00a0\u00bbdefault\u00a0\u00bb column_direction=\u00a0\u00bbdefault\u00a0\u00bb column_direction_tablet=\u00a0\u00bbdefault\u00a0\u00bb column_direction_phone=\u00a0\u00bbdefault\u00a0\u00bb scene_position=\u00a0\u00bbcenter\u00a0\u00bb text_color=\u00a0\u00bbdark\u00a0\u00bb text_align=\u00a0\u00bbleft\u00a0\u00bb row_border_radius=\u00a0\u00bbnone\u00a0\u00bb row_border_radius_applies=\u00a0\u00bbbg\u00a0\u00bb overlay_strength=\u00a0\u00bb0.3&Prime; gradient_direction=\u00a0\u00bbleft_to_right\u00a0\u00bb shape_divider_position=\u00a0\u00bbbottom\u00a0\u00bb bg_image_animation=\u00a0\u00bbnone\u00a0\u00bb][vc_column column_padding=\u00a0\u00bbno-extra-padding\u00a0\u00bb column_padding_tablet=\u00a0\u00bbinherit\u00a0\u00bb column_padding_phone=\u00a0\u00bbinherit\u00a0\u00bb column_padding_position=\u00a0\u00bball\u00a0\u00bb column_element_spacing=\u00a0\u00bbdefault\u00a0\u00bb background_color_opacity=\u00a0\u00bb1&Prime; background_hover_color_opacity=\u00a0\u00bb1&Prime; column_shadow=\u00a0\u00bbnone\u00a0\u00bb column_border_radius=\u00a0\u00bbnone\u00a0\u00bb column_link_target=\u00a0\u00bb_self\u00a0\u00bb gradient_direction=\u00a0\u00bbleft_to_right\u00a0\u00bb overlay_strength=\u00a0\u00bb0.3&Prime; width=\u00a0\u00bb1\/1&Prime; tablet_width_inherit=\u00a0\u00bbdefault\u00a0\u00bb tablet_text_alignment=\u00a0\u00bbdefault\u00a0\u00bb phone_text_alignment=\u00a0\u00bbdefault\u00a0\u00bb bg_image_animation=\u00a0\u00bbnone\u00a0\u00bb border_type=\u00a0\u00bbsimple\u00a0\u00bb column_border_width=\u00a0\u00bbnone\u00a0\u00bb column_border_style=\u00a0\u00bbsolid\u00a0\u00bb][vc_column_text]<strong>Merci beaucoup d&rsquo;avoir particip\u00e9 \u00e0 notre assembl\u00e9e g\u00e9n\u00e9rale annuelle du 20 juin 2025 pour l&rsquo;exercice 2024 !<\/strong><\/p>\n<p>Pour la premi\u00e8re fois, nous avons pu accueillir des participants du monde entier et nous organiserons \u00e0 nouveau cette assembl\u00e9e en ligne l&rsquo;ann\u00e9e prochaine. Toutes les affaires et \u00e9lections ont \u00e9t\u00e9 approuv\u00e9es par les participants, sans aucune voix contre. Le vote \u00e9lectronique a tr\u00e8s bien fonctionn\u00e9.<\/p>\n<p>Vous trouvez ci-dessous l&rsquo;enregistrement vid\u00e9o de la r\u00e9union, qui fait \u00e9galement office de proc\u00e8s-verbal (en anglais).<\/p>\n<div style=\"width: 1080px;\" class=\"wp-video\"><!--[if lt IE 9]><script>document.createElement('video');<\/script><![endif]-->\n<video class=\"wp-video-shortcode\" id=\"video-74298-1\" width=\"1080\" height=\"608\" preload=\"metadata\" controls=\"controls\"><source type=\"video\/mp4\" src=\"https:\/\/safeblood.se\/wp-content\/uploads\/2025\/08\/GeneralAssembly-20250620.mp4?_=1\" \/><a href=\"https:\/\/safeblood.se\/wp-content\/uploads\/2025\/08\/GeneralAssembly-20250620.mp4\">https:\/\/safeblood.se\/wp-content\/uploads\/2025\/08\/GeneralAssembly-20250620.mp4<\/a><\/video><\/div>[\/vc_column_text][divider line_type=\u00a0\u00bbFull Width Line\u00a0\u00bb line_thickness=\u00a0\u00bb1&Prime; divider_color=\u00a0\u00bbaccent-color\u00a0\u00bb][\/vc_column][\/vc_row][vc_row type=\u00a0\u00bbin_container\u00a0\u00bb full_screen_row_position=\u00a0\u00bbmiddle\u00a0\u00bb column_margin=\u00a0\u00bbdefault\u00a0\u00bb column_direction=\u00a0\u00bbdefault\u00a0\u00bb column_direction_tablet=\u00a0\u00bbdefault\u00a0\u00bb column_direction_phone=\u00a0\u00bbdefault\u00a0\u00bb scene_position=\u00a0\u00bbcenter\u00a0\u00bb text_color=\u00a0\u00bbdark\u00a0\u00bb text_align=\u00a0\u00bbleft\u00a0\u00bb row_border_radius=\u00a0\u00bbnone\u00a0\u00bb row_border_radius_applies=\u00a0\u00bbbg\u00a0\u00bb overlay_strength=\u00a0\u00bb0.3&Prime; gradient_direction=\u00a0\u00bbleft_to_right\u00a0\u00bb shape_divider_position=\u00a0\u00bbbottom\u00a0\u00bb bg_image_animation=\u00a0\u00bbnone\u00a0\u00bb][vc_column column_padding=\u00a0\u00bbno-extra-padding\u00a0\u00bb column_padding_tablet=\u00a0\u00bbinherit\u00a0\u00bb column_padding_phone=\u00a0\u00bbinherit\u00a0\u00bb column_padding_position=\u00a0\u00bball\u00a0\u00bb column_element_spacing=\u00a0\u00bbdefault\u00a0\u00bb background_color_opacity=\u00a0\u00bb1&Prime; background_hover_color_opacity=\u00a0\u00bb1&Prime; column_shadow=\u00a0\u00bbnone\u00a0\u00bb column_border_radius=\u00a0\u00bbnone\u00a0\u00bb column_link_target=\u00a0\u00bb_self\u00a0\u00bb gradient_direction=\u00a0\u00bbleft_to_right\u00a0\u00bb overlay_strength=\u00a0\u00bb0.3&Prime; width=\u00a0\u00bb1\/1&Prime; tablet_width_inherit=\u00a0\u00bbdefault\u00a0\u00bb tablet_text_alignment=\u00a0\u00bbdefault\u00a0\u00bb phone_text_alignment=\u00a0\u00bbdefault\u00a0\u00bb bg_image_animation=\u00a0\u00bbnone\u00a0\u00bb border_type=\u00a0\u00bbsimple\u00a0\u00bb column_border_width=\u00a0\u00bbnone\u00a0\u00bb column_border_style=\u00a0\u00bbsolid\u00a0\u00bb][vc_column_text]<strong>L&rsquo;enregistrement vid\u00e9o de notre assembl\u00e9e g\u00e9n\u00e9rale annuelle du 8.6.2024, pour la p\u00e9riode de l&rsquo;exercice 2023.<\/strong><\/p>\n<p>La vid\u00e9o sert \u00e9galement d&rsquo;enregistrement de la r\u00e9union.<\/p>\n<p><em>Il s&rsquo;agit de la version anglaise.<\/em><\/p>\n<p><iframe loading=\"lazy\" class=\"rumble\" src=\"https:\/\/rumble.com\/embed\/v4ykrfx\/?pub=vvn0n\" width=\"640\" height=\"360\" frameborder=\"0\" allowfullscreen=\"allowfullscreen\" data-mce-fragment=\"1\"><\/iframe><\/p>\n<p>Vous pouvez t\u00e9l\u00e9charger les statuts actuels <a href=\"https:\/\/safeblood.net\/wp-content\/uploads\/2023\/06\/statutes-safeblood.pdf\" target=\"_blank\" rel=\"noopener\">ici<\/a>.<\/p>\n<p>Cette ann\u00e9e, la r\u00e9union s&rsquo;est d\u00e9roul\u00e9e en deux langues, l&rsquo;allemand et l&rsquo;anglais, et nous avons ensuite mont\u00e9 la vid\u00e9o en deux versions. Je dis plus ou moins la m\u00eame chose dans les deux versions, mais j&rsquo;ajoute parfois des informations suppl\u00e9mentaires relatives \u00e0 la r\u00e9gion linguistique concern\u00e9e.<\/p>\n<p>Commentaire : dans l&rsquo;introduction, je parle d&rsquo;une votation qui a eu lieu en Suisse le lendemain de notre assembl\u00e9e ; une votation historique qui avait pour but d&rsquo;inscrire \u00ab\u00a0l&rsquo;int\u00e9grit\u00e9 physique\u00a0\u00bb dans la Constitution f\u00e9d\u00e9rale. Et, comme je le craignais, le r\u00e9sultat de la votation a \u00e9t\u00e9 que pr\u00e8s de 75% de tous les votants ont rejet\u00e9 cette initiative. Ils auraient donc eu la possibilit\u00e9 d&rsquo;inscrire ce droit dans la Constitution par les urnes, mais ont pr\u00e9f\u00e9r\u00e9 d\u00e9l\u00e9guer la responsabilit\u00e9 de leur sant\u00e9 et de leur libert\u00e9 au gouvernement. 75% des Suisses pensent donc que le gouvernement sait mieux qu&rsquo;eux ce qui est bon pour leur corps, pour le corps de leurs enfants. 75% renoncent volontairement \u00e0 leur libert\u00e9 et \u00e0 leurs droits fondamentaux. On peut effectivement se demander \u00e0 quoi sert une d\u00e9mocratie&#8230;<\/p>\n<p>&nbsp;[\/vc_column_text][divider line_type=\u00a0\u00bbFull Width Line\u00a0\u00bb line_thickness=\u00a0\u00bb1&Prime; divider_color=\u00a0\u00bbaccent-color\u00a0\u00bb][\/vc_column][\/vc_row][vc_row type=\u00a0\u00bbin_container\u00a0\u00bb full_screen_row_position=\u00a0\u00bbmiddle\u00a0\u00bb column_margin=\u00a0\u00bbdefault\u00a0\u00bb column_direction=\u00a0\u00bbdefault\u00a0\u00bb column_direction_tablet=\u00a0\u00bbdefault\u00a0\u00bb column_direction_phone=\u00a0\u00bbdefault\u00a0\u00bb scene_position=\u00a0\u00bbcenter\u00a0\u00bb text_color=\u00a0\u00bbdark\u00a0\u00bb text_align=\u00a0\u00bbleft\u00a0\u00bb row_border_radius=\u00a0\u00bbnone\u00a0\u00bb row_border_radius_applies=\u00a0\u00bbbg\u00a0\u00bb overlay_strength=\u00a0\u00bb0.3&Prime; gradient_direction=\u00a0\u00bbleft_to_right\u00a0\u00bb shape_divider_position=\u00a0\u00bbbottom\u00a0\u00bb bg_image_animation=\u00a0\u00bbnone\u00a0\u00bb][vc_column column_padding=\u00a0\u00bbno-extra-padding\u00a0\u00bb column_padding_tablet=\u00a0\u00bbinherit\u00a0\u00bb column_padding_phone=\u00a0\u00bbinherit\u00a0\u00bb column_padding_position=\u00a0\u00bball\u00a0\u00bb column_element_spacing=\u00a0\u00bbdefault\u00a0\u00bb background_color_opacity=\u00a0\u00bb1&Prime; background_hover_color_opacity=\u00a0\u00bb1&Prime; column_shadow=\u00a0\u00bbnone\u00a0\u00bb column_border_radius=\u00a0\u00bbnone\u00a0\u00bb column_link_target=\u00a0\u00bb_self\u00a0\u00bb gradient_direction=\u00a0\u00bbleft_to_right\u00a0\u00bb overlay_strength=\u00a0\u00bb0.3&Prime; width=\u00a0\u00bb1\/1&Prime; tablet_width_inherit=\u00a0\u00bbdefault\u00a0\u00bb tablet_text_alignment=\u00a0\u00bbdefault\u00a0\u00bb phone_text_alignment=\u00a0\u00bbdefault\u00a0\u00bb bg_image_animation=\u00a0\u00bbnone\u00a0\u00bb border_type=\u00a0\u00bbsimple\u00a0\u00bb column_border_width=\u00a0\u00bbnone\u00a0\u00bb column_border_style=\u00a0\u00bbsolid\u00a0\u00bb][vc_column_text]<strong>L&rsquo;enregistrement vid\u00e9o de notre assembl\u00e9e g\u00e9n\u00e9rale annuelle du 15.06.2023.<\/strong><\/p>\n<p>Elle fait \u00e9galement office de compte-rendu de la r\u00e9union.<\/p>\n<p><em>Il s&rsquo;agit de la version sous-titr\u00e9e en anglais.<\/em><\/p>\n<p><iframe loading=\"lazy\" class=\"rumble\" src=\"https:\/\/rumble.com\/embed\/v2yqrq0\/?pub=vvn0n\" width=\"640\" height=\"360\" frameborder=\"0\" allowfullscreen=\"allowfullscreen\" data-mce-fragment=\"1\"><\/iframe><\/p>\n<p>Vous pouvez t\u00e9l\u00e9charger les statuts actuels <a href=\"https:\/\/safeblood.net\/wp-content\/uploads\/2023\/06\/statutes-safeblood.pdf\" target=\"_blank\" rel=\"noopener\">ici<\/a>.[\/vc_column_text][\/vc_column][\/vc_row]\n","protected":false},"excerpt":{"rendered":"<p>[vc_row type=\u00a0\u00bbin_container\u00a0\u00bb full_screen_row_position=\u00a0\u00bbmiddle\u00a0\u00bb column_margin=\u00a0\u00bbdefault\u00a0\u00bb column_direction=\u00a0\u00bbdefault\u00a0\u00bb column_direction_tablet=\u00a0\u00bbdefault\u00a0\u00bb column_direction_phone=\u00a0\u00bbdefault\u00a0\u00bb scene_position=\u00a0\u00bbcenter\u00a0\u00bb text_color=\u00a0\u00bbdark\u00a0\u00bb text_align=\u00a0\u00bbleft\u00a0\u00bb row_border_radius=\u00a0\u00bbnone\u00a0\u00bb row_border_radius_applies=\u00a0\u00bbbg\u00a0\u00bb overlay_strength=\u00a0\u00bb0.3&Prime; gradient_direction=\u00a0\u00bbleft_to_right\u00a0\u00bb shape_divider_position=\u00a0\u00bbbottom\u00a0\u00bb bg_image_animation=\u00a0\u00bbnone\u00a0\u00bb][vc_column column_padding=\u00a0\u00bbno-extra-padding\u00a0\u00bb column_padding_tablet=\u00a0\u00bbinherit\u00a0\u00bb column_padding_phone=\u00a0\u00bbinherit\u00a0\u00bb column_padding_position=\u00a0\u00bball\u00a0\u00bb column_element_spacing=\u00a0\u00bbdefault\u00a0\u00bb background_color_opacity=\u00a0\u00bb1&Prime; background_hover_color_opacity=\u00a0\u00bb1&Prime; column_shadow=\u00a0\u00bbnone\u00a0\u00bb column_border_radius=\u00a0\u00bbnone\u00a0\u00bb column_link_target=\u00a0\u00bb_self\u00a0\u00bb gradient_direction=\u00a0\u00bbleft_to_right\u00a0\u00bb overlay_strength=\u00a0\u00bb0.3&Prime; width=\u00a0\u00bb1\/1&Prime; tablet_width_inherit=\u00a0\u00bbdefault\u00a0\u00bb&#8230;<\/p>\n","protected":false},"author":2,"featured_media":0,"parent":0,"menu_order":0,"comment_status":"closed","ping_status":"closed","template":"","meta":[],"_links":{"self":[{"href":"https:\/\/safeblood.se\/fr\/wp-json\/wp\/v2\/pages\/74298"}],"collection":[{"href":"https:\/\/safeblood.se\/fr\/wp-json\/wp\/v2\/pages"}],"about":[{"href":"https:\/\/safeblood.se\/fr\/wp-json\/wp\/v2\/types\/page"}],"author":[{"embeddable":true,"href":"https:\/\/safeblood.se\/fr\/wp-json\/wp\/v2\/users\/2"}],"replies":[{"embeddable":true,"href":"https:\/\/safeblood.se\/fr\/wp-json\/wp\/v2\/comments?post=74298"}],"version-history":[{"count":12,"href":"https:\/\/safeblood.se\/fr\/wp-json\/wp\/v2\/pages\/74298\/revisions"}],"predecessor-version":[{"id":80514,"href":"https:\/\/safeblood.se\/fr\/wp-json\/wp\/v2\/pages\/74298\/revisions\/80514"}],"wp:attachment":[{"href":"https:\/\/safeblood.se\/fr\/wp-json\/wp\/v2\/media?parent=74298"}],"curies":[{"name":"wp","href":"https:\/\/api.w.org\/{rel}","templated":true}]}}