{"id":74423,"date":"2024-03-05T16:56:36","date_gmt":"2024-03-05T15:56:36","guid":{"rendered":"https:\/\/safeblood.se\/?page_id=74423"},"modified":"2024-06-03T13:46:18","modified_gmt":"2024-06-03T11:46:18","slug":"liste-des-20-derniers-membres","status":"publish","type":"page","link":"https:\/\/safeblood.se\/fr\/liste-des-20-derniers-membres\/","title":{"rendered":"Liste des 20 derniers membres"},"content":{"rendered":"[vc_row type=\u00a0\u00bbin_container\u00a0\u00bb full_screen_row_position=\u00a0\u00bbmiddle\u00a0\u00bb column_margin=\u00a0\u00bbdefault\u00a0\u00bb column_direction=\u00a0\u00bbdefault\u00a0\u00bb column_direction_tablet=\u00a0\u00bbdefault\u00a0\u00bb column_direction_phone=\u00a0\u00bbdefault\u00a0\u00bb scene_position=\u00a0\u00bbcenter\u00a0\u00bb text_color=\u00a0\u00bbdark\u00a0\u00bb text_align=\u00a0\u00bbleft\u00a0\u00bb row_border_radius=\u00a0\u00bbnone\u00a0\u00bb row_border_radius_applies=\u00a0\u00bbbg\u00a0\u00bb overlay_strength=\u00a0\u00bb0.3&Prime; gradient_direction=\u00a0\u00bbleft_to_right\u00a0\u00bb shape_divider_position=\u00a0\u00bbbottom\u00a0\u00bb bg_image_animation=\u00a0\u00bbnone\u00a0\u00bb][vc_column column_padding=\u00a0\u00bbno-extra-padding\u00a0\u00bb column_padding_tablet=\u00a0\u00bbinherit\u00a0\u00bb column_padding_phone=\u00a0\u00bbinherit\u00a0\u00bb column_padding_position=\u00a0\u00bball\u00a0\u00bb column_element_spacing=\u00a0\u00bbdefault\u00a0\u00bb background_color_opacity=\u00a0\u00bb1&Prime; background_hover_color_opacity=\u00a0\u00bb1&Prime; column_shadow=\u00a0\u00bbnone\u00a0\u00bb column_border_radius=\u00a0\u00bbnone\u00a0\u00bb column_link_target=\u00a0\u00bb_self\u00a0\u00bb gradient_direction=\u00a0\u00bbleft_to_right\u00a0\u00bb overlay_strength=\u00a0\u00bb0.3&Prime; width=\u00a0\u00bb1\/1&Prime; tablet_width_inherit=\u00a0\u00bbdefault\u00a0\u00bb tablet_text_alignment=\u00a0\u00bbdefault\u00a0\u00bb phone_text_alignment=\u00a0\u00bbdefault\u00a0\u00bb bg_image_animation=\u00a0\u00bbnone\u00a0\u00bb border_type=\u00a0\u00bbsimple\u00a0\u00bb column_border_width=\u00a0\u00bbnone\u00a0\u00bb column_border_style=\u00a0\u00bbsolid\u00a0\u00bb][vc_column_text]\n<h3><strong><span style=\"font-family: Helvetica;\">Nous souhaitons la bienvenue \u00e0 nos nouveaux membres.<\/span><\/strong><\/h3>\n<p><span style=\"font-family: Helvetica;\">Cette page ne r\u00e9pertorie que les membres qui ont d\u00e9cid\u00e9 d&rsquo;admettre publiquement qu&rsquo;ils sont membres de SafeBlood Donation. Nous vous remercions de nous en avoir donn\u00e9 l&rsquo;autorisation. Nous avons besoin de personnes comme vous, car c&rsquo;est la seule fa\u00e7on d&rsquo;atteindre nos objectifs : repr\u00e9senter publiquement nos causes.<\/span><\/p>\n<p><em>Vous trouverez ici les membres les plus r\u00e9cents du monde entier, \u00e0 l&rsquo;exception des \u00c9tats-Unis, m\u00eame si c&rsquo;est l\u00e0 que nous avons le plus grand nombre de membres au monde et le taux de croissance le plus \u00e9lev\u00e9 : La plupart des Am\u00e9ricains craignent des repr\u00e9sailles si vous vous identifiez ici comme membre de SafeBlood. C&rsquo;est pourquoi nous avons d\u00e9sactiv\u00e9 par d\u00e9faut la liste de nos nouveaux membres am\u00e9ricains ici.<\/em>[\/vc_column_text][\/vc_column][\/vc_row][vc_row type=\u00a0\u00bbin_container\u00a0\u00bb full_screen_row_position=\u00a0\u00bbmiddle\u00a0\u00bb column_margin=\u00a0\u00bbdefault\u00a0\u00bb column_direction=\u00a0\u00bbdefault\u00a0\u00bb column_direction_tablet=\u00a0\u00bbdefault\u00a0\u00bb column_direction_phone=\u00a0\u00bbdefault\u00a0\u00bb scene_position=\u00a0\u00bbcenter\u00a0\u00bb text_color=\u00a0\u00bbdark\u00a0\u00bb text_align=\u00a0\u00bbleft\u00a0\u00bb row_border_radius=\u00a0\u00bbnone\u00a0\u00bb row_border_radius_applies=\u00a0\u00bbbg\u00a0\u00bb overlay_strength=\u00a0\u00bb0.3&Prime; gradient_direction=\u00a0\u00bbleft_to_right\u00a0\u00bb shape_divider_position=\u00a0\u00bbbottom\u00a0\u00bb bg_image_animation=\u00a0\u00bbnone\u00a0\u00bb][vc_column column_padding=\u00a0\u00bbno-extra-padding\u00a0\u00bb column_padding_tablet=\u00a0\u00bbinherit\u00a0\u00bb column_padding_phone=\u00a0\u00bbinherit\u00a0\u00bb column_padding_position=\u00a0\u00bball\u00a0\u00bb column_element_spacing=\u00a0\u00bbdefault\u00a0\u00bb background_color_opacity=\u00a0\u00bb1&Prime; background_hover_color_opacity=\u00a0\u00bb1&Prime; column_shadow=\u00a0\u00bbnone\u00a0\u00bb column_border_radius=\u00a0\u00bbnone\u00a0\u00bb column_link_target=\u00a0\u00bb_self\u00a0\u00bb gradient_direction=\u00a0\u00bbleft_to_right\u00a0\u00bb overlay_strength=\u00a0\u00bb0.3&Prime; width=\u00a0\u00bb1\/1&Prime; tablet_width_inherit=\u00a0\u00bbdefault\u00a0\u00bb tablet_text_alignment=\u00a0\u00bbdefault\u00a0\u00bb phone_text_alignment=\u00a0\u00bbdefault\u00a0\u00bb bg_image_animation=\u00a0\u00bbnone\u00a0\u00bb border_type=\u00a0\u00bbsimple\u00a0\u00bb column_border_width=\u00a0\u00bbnone\u00a0\u00bb column_border_style=\u00a0\u00bbsolid\u00a0\u00bb][vc_column_text]<div class=\"last-members\"><div class=\"column\" style=\"display: inline-block;width:49%\" ><span class=\"member\">Marcel Brader, Suisse<\/span><br><span class=\"member\">Sabine Geiger, Allemagne<\/span><br><span class=\"member\">Siro Levin, Suisse<\/span><br><span class=\"member\">Emma M\u00fcller, Allemagne<\/span><br><span class=\"member\">Max M\u00fcller, Allemagne<\/span><br><span class=\"member\">Ulrich H\u00e4nni Marugg, Suisse<\/span><br><span class=\"member\">Luzia Marugg H\u00e4nni, Suisse<\/span><br><span class=\"member\">Sybille Krick, Allemagne<\/span><br><span class=\"member\">jean marie aubert, France<\/span><br><span class=\"member\">mirko castelli, Italie<\/span><br><span class=\"member\">Linda Stelling, Chypre<\/span><br><span class=\"member\">Marianne Schmidlin, Suisse<\/span><br><span class=\"member\">Ruben Blanken, Bonaire, Saint-Eustache et Saba<\/span><br><span class=\"member\">Stephan Nilsson, Su\u00e8de<\/span><br><span class=\"member\">Jan Heide-Jensen, Allemagne<\/span><br><span class=\"member\">Eric Diss, France<\/span><br><span class=\"member\">Andr\u00e9 Michel Sperl, Suisse<\/span><br><span class=\"member\">Axel Lewerenz, Allemagne<\/span><br><span class=\"member\">Arthur Trentin, Suisse<\/span><br><span class=\"member\">Clifford Fletcher, Canada<\/span><br><span class=\"member\">Karin Seiler, Suisse<\/span><br><span class=\"member\">Petra Steinlehner, Suisse<\/span><br><span class=\"member\">Enrico Nurchi, Italie<\/span><br><span class=\"member\">Nila Engel, Suisse<\/span><br><span class=\"member\">Massimo Tatullo, Italie<\/span><br><\/div><div class=\"column\" style=\"display: inline-block;width:49%\" ><span class=\"member\">Monika H\u00e4rdi, Suisse<\/span><br><span class=\"member\">Ursula Eberle, Suisse<\/span><br><span class=\"member\">Christina Pinglot, Pays-Bas<\/span><br><span class=\"member\">Hugo Kessler, Suisse<\/span><br><span class=\"member\">Hans Felix Cathrein, Suisse<\/span><br><span class=\"member\">Mich\u00e8le B\u00f6sch, Suisse<\/span><br><span class=\"member\">Marietta Arpagaus, Suisse<\/span><br><span class=\"member\">Alexander Schwenk, Allemagne<\/span><br><span class=\"member\">Mary-Ann Lynch, Australie<\/span><br><span class=\"member\">Kathrin Sch\u00f6nland, Allemagne<\/span><br><span class=\"member\">mary grace unday, Suisse<\/span><br><span class=\"member\">mercy kony, Suisse<\/span><br><span class=\"member\">Yanil Berchtold, Suisse<\/span><br><span class=\"member\">Elisabeth Sulger B\u00fcel, Suisse<\/span><br><span class=\"member\">Markus Rumel, Allemagne<\/span><br><span class=\"member\">Patrick Terren, France<\/span><br><span class=\"member\">Alea Santini, Suisse<\/span><br><span class=\"member\">Celio Santini, Suisse<\/span><br><span class=\"member\">Ilana Santini, Suisse<\/span><br><span class=\"member\">Thomas Peter Egli Hais, Suisse<\/span><br><span class=\"member\">Harald W\u00f6ssner, Allemagne<\/span><br><span class=\"member\">Katharina Bachofen Heimann, Suisse<\/span><br><span class=\"member\">Urs Rufener, Suisse<\/span><br><span class=\"member\">Maria Wolf, Autriche<\/span><br><span class=\"member\">Katharina Straka, Allemagne<\/span><br><\/div><\/div>[\/vc_column_text][\/vc_column][\/vc_row]\n","protected":false},"excerpt":{"rendered":"<p>[vc_row type=\u00a0\u00bbin_container\u00a0\u00bb full_screen_row_position=\u00a0\u00bbmiddle\u00a0\u00bb column_margin=\u00a0\u00bbdefault\u00a0\u00bb column_direction=\u00a0\u00bbdefault\u00a0\u00bb column_direction_tablet=\u00a0\u00bbdefault\u00a0\u00bb column_direction_phone=\u00a0\u00bbdefault\u00a0\u00bb scene_position=\u00a0\u00bbcenter\u00a0\u00bb text_color=\u00a0\u00bbdark\u00a0\u00bb text_align=\u00a0\u00bbleft\u00a0\u00bb row_border_radius=\u00a0\u00bbnone\u00a0\u00bb row_border_radius_applies=\u00a0\u00bbbg\u00a0\u00bb overlay_strength=\u00a0\u00bb0.3&Prime; gradient_direction=\u00a0\u00bbleft_to_right\u00a0\u00bb shape_divider_position=\u00a0\u00bbbottom\u00a0\u00bb bg_image_animation=\u00a0\u00bbnone\u00a0\u00bb][vc_column column_padding=\u00a0\u00bbno-extra-padding\u00a0\u00bb column_padding_tablet=\u00a0\u00bbinherit\u00a0\u00bb column_padding_phone=\u00a0\u00bbinherit\u00a0\u00bb column_padding_position=\u00a0\u00bball\u00a0\u00bb column_element_spacing=\u00a0\u00bbdefault\u00a0\u00bb background_color_opacity=\u00a0\u00bb1&Prime; background_hover_color_opacity=\u00a0\u00bb1&Prime; column_shadow=\u00a0\u00bbnone\u00a0\u00bb column_border_radius=\u00a0\u00bbnone\u00a0\u00bb column_link_target=\u00a0\u00bb_self\u00a0\u00bb gradient_direction=\u00a0\u00bbleft_to_right\u00a0\u00bb overlay_strength=\u00a0\u00bb0.3&Prime; width=\u00a0\u00bb1\/1&Prime; tablet_width_inherit=\u00a0\u00bbdefault\u00a0\u00bb&#8230;<\/p>\n","protected":false},"author":2,"featured_media":0,"parent":0,"menu_order":0,"comment_status":"closed","ping_status":"closed","template":"","meta":[],"_links":{"self":[{"href":"https:\/\/safeblood.se\/fr\/wp-json\/wp\/v2\/pages\/74423"}],"collection":[{"href":"https:\/\/safeblood.se\/fr\/wp-json\/wp\/v2\/pages"}],"about":[{"href":"https:\/\/safeblood.se\/fr\/wp-json\/wp\/v2\/types\/page"}],"author":[{"embeddable":true,"href":"https:\/\/safeblood.se\/fr\/wp-json\/wp\/v2\/users\/2"}],"replies":[{"embeddable":true,"href":"https:\/\/safeblood.se\/fr\/wp-json\/wp\/v2\/comments?post=74423"}],"version-history":[{"count":4,"href":"https:\/\/safeblood.se\/fr\/wp-json\/wp\/v2\/pages\/74423\/revisions"}],"predecessor-version":[{"id":76363,"href":"https:\/\/safeblood.se\/fr\/wp-json\/wp\/v2\/pages\/74423\/revisions\/76363"}],"wp:attachment":[{"href":"https:\/\/safeblood.se\/fr\/wp-json\/wp\/v2\/media?parent=74423"}],"curies":[{"name":"wp","href":"https:\/\/api.w.org\/{rel}","templated":true}]}}