{"id":74427,"date":"2024-03-05T17:01:45","date_gmt":"2024-03-05T16:01:45","guid":{"rendered":"https:\/\/safeblood.se\/?page_id=74427"},"modified":"2024-03-10T14:26:14","modified_gmt":"2024-03-10T13:26:14","slug":"exemple-de-testament-de-vie","status":"publish","type":"page","link":"https:\/\/safeblood.se\/fr\/exemple-de-testament-de-vie\/","title":{"rendered":"Exemple de testament de vie"},"content":{"rendered":"[vc_row type=\u00a0\u00bbin_container\u00a0\u00bb full_screen_row_position=\u00a0\u00bbmiddle\u00a0\u00bb column_margin=\u00a0\u00bbdefault\u00a0\u00bb column_direction=\u00a0\u00bbdefault\u00a0\u00bb column_direction_tablet=\u00a0\u00bbdefault\u00a0\u00bb column_direction_phone=\u00a0\u00bbdefault\u00a0\u00bb scene_position=\u00a0\u00bbcenter\u00a0\u00bb text_color=\u00a0\u00bbdark\u00a0\u00bb text_align=\u00a0\u00bbleft\u00a0\u00bb row_border_radius=\u00a0\u00bbnone\u00a0\u00bb row_border_radius_applies=\u00a0\u00bbbg\u00a0\u00bb overlay_strength=\u00a0\u00bb0.3&Prime; gradient_direction=\u00a0\u00bbleft_to_right\u00a0\u00bb shape_divider_position=\u00a0\u00bbbottom\u00a0\u00bb bg_image_animation=\u00a0\u00bbnone\u00a0\u00bb][vc_column column_padding=\u00a0\u00bbno-extra-padding\u00a0\u00bb column_padding_tablet=\u00a0\u00bbinherit\u00a0\u00bb column_padding_phone=\u00a0\u00bbinherit\u00a0\u00bb column_padding_position=\u00a0\u00bball\u00a0\u00bb column_element_spacing=\u00a0\u00bbdefault\u00a0\u00bb background_color_opacity=\u00a0\u00bb1&Prime; background_hover_color_opacity=\u00a0\u00bb1&Prime; column_shadow=\u00a0\u00bbnone\u00a0\u00bb column_border_radius=\u00a0\u00bbnone\u00a0\u00bb column_link_target=\u00a0\u00bb_self\u00a0\u00bb gradient_direction=\u00a0\u00bbleft_to_right\u00a0\u00bb overlay_strength=\u00a0\u00bb0.3&Prime; width=\u00a0\u00bb1\/1&Prime; tablet_width_inherit=\u00a0\u00bbdefault\u00a0\u00bb tablet_text_alignment=\u00a0\u00bbdefault\u00a0\u00bb phone_text_alignment=\u00a0\u00bbdefault\u00a0\u00bb bg_image_animation=\u00a0\u00bbnone\u00a0\u00bb border_type=\u00a0\u00bbsimple\u00a0\u00bb column_border_width=\u00a0\u00bbnone\u00a0\u00bb column_border_style=\u00a0\u00bbsolid\u00a0\u00bb][vc_column_text]\n<p class=\"western\"><span style=\"color: #000000;\"><span style=\"font-family: Roboto, serif;\"><span style=\"font-size: large;\">Ceci est un <strong>exemple de testament de vie<\/strong>. Si vous souhaitez avoir le v\u00f4tre, rendez-vous sur la page <\/span><\/span><\/span>\u00ab\u00a0<a href=\"https:\/\/safeblood.net\/fr\/devenir-membre\/\" target=\"_blank\" rel=\"noopener\">connexion<\/a>\u00a0\u00bb <span style=\"color: #000000;\"><span style=\"font-family: Roboto, serif;\"><span style=\"font-size: large;\">en tant que membre ici, o\u00f9 vous pourrez modifier cet exemple comme vous le souhaitez. Vous pouvez \u00e9galement devenir membre \u00ab\u00a0<\/span><\/span><\/span><a href=\"https:\/\/safeblood.net\/fr\/devenir-membre\/\" target=\"_blank\" rel=\"noopener\">ici<\/a><span style=\"color: #000000;\"><span style=\"font-family: Roboto, serif;\"><span style=\"font-size: large;\">\u00ab\u00a0. Vous disposerez alors non seulement de votre propre testament de vie et de votre carte d&rsquo;identit\u00e9 de membre ou de groupe sanguin, mais aussi d&rsquo;un code individuel que le personnel m\u00e9dical pourra appeler en cas d&rsquo;urgence &#8211; avec toutes vos donn\u00e9es m\u00e9dicales.<\/span><\/span><\/span><\/p>\n<p><a href=\"https:\/\/safeblood.se\/wp-content\/uploads\/2024\/03\/patientenverfu\u0308gung-franz.-scaled.jpg\"><img loading=\"lazy\" class=\"alignleft size-full wp-image-74616\" src=\"https:\/\/safeblood.se\/wp-content\/uploads\/2024\/03\/patientenverfu\u0308gung-franz.-scaled.jpg\" alt=\"\" width=\"1609\" height=\"2560\" srcset=\"https:\/\/safeblood.se\/wp-content\/uploads\/2024\/03\/patientenverfu\u0308gung-franz.-scaled.jpg 1609w, https:\/\/safeblood.se\/wp-content\/uploads\/2024\/03\/patientenverfu\u0308gung-franz.-189x300.jpg 189w, https:\/\/safeblood.se\/wp-content\/uploads\/2024\/03\/patientenverfu\u0308gung-franz.-644x1024.jpg 644w, https:\/\/safeblood.se\/wp-content\/uploads\/2024\/03\/patientenverfu\u0308gung-franz.-768x1222.jpg 768w, https:\/\/safeblood.se\/wp-content\/uploads\/2024\/03\/patientenverfu\u0308gung-franz.-965x1536.jpg 965w, https:\/\/safeblood.se\/wp-content\/uploads\/2024\/03\/patientenverfu\u0308gung-franz.-1287x2048.jpg 1287w\" sizes=\"(max-width: 1609px) 100vw, 1609px\" \/><\/a>[\/vc_column_text][\/vc_column][\/vc_row]\n","protected":false},"excerpt":{"rendered":"<p>[vc_row type=\u00a0\u00bbin_container\u00a0\u00bb full_screen_row_position=\u00a0\u00bbmiddle\u00a0\u00bb column_margin=\u00a0\u00bbdefault\u00a0\u00bb column_direction=\u00a0\u00bbdefault\u00a0\u00bb column_direction_tablet=\u00a0\u00bbdefault\u00a0\u00bb column_direction_phone=\u00a0\u00bbdefault\u00a0\u00bb scene_position=\u00a0\u00bbcenter\u00a0\u00bb text_color=\u00a0\u00bbdark\u00a0\u00bb text_align=\u00a0\u00bbleft\u00a0\u00bb row_border_radius=\u00a0\u00bbnone\u00a0\u00bb row_border_radius_applies=\u00a0\u00bbbg\u00a0\u00bb overlay_strength=\u00a0\u00bb0.3&Prime; gradient_direction=\u00a0\u00bbleft_to_right\u00a0\u00bb shape_divider_position=\u00a0\u00bbbottom\u00a0\u00bb bg_image_animation=\u00a0\u00bbnone\u00a0\u00bb][vc_column column_padding=\u00a0\u00bbno-extra-padding\u00a0\u00bb column_padding_tablet=\u00a0\u00bbinherit\u00a0\u00bb column_padding_phone=\u00a0\u00bbinherit\u00a0\u00bb column_padding_position=\u00a0\u00bball\u00a0\u00bb column_element_spacing=\u00a0\u00bbdefault\u00a0\u00bb background_color_opacity=\u00a0\u00bb1&Prime; background_hover_color_opacity=\u00a0\u00bb1&Prime; column_shadow=\u00a0\u00bbnone\u00a0\u00bb column_border_radius=\u00a0\u00bbnone\u00a0\u00bb column_link_target=\u00a0\u00bb_self\u00a0\u00bb gradient_direction=\u00a0\u00bbleft_to_right\u00a0\u00bb overlay_strength=\u00a0\u00bb0.3&Prime; width=\u00a0\u00bb1\/1&Prime; tablet_width_inherit=\u00a0\u00bbdefault\u00a0\u00bb&#8230;<\/p>\n","protected":false},"author":2,"featured_media":0,"parent":0,"menu_order":0,"comment_status":"closed","ping_status":"closed","template":"","meta":[],"_links":{"self":[{"href":"https:\/\/safeblood.se\/fr\/wp-json\/wp\/v2\/pages\/74427"}],"collection":[{"href":"https:\/\/safeblood.se\/fr\/wp-json\/wp\/v2\/pages"}],"about":[{"href":"https:\/\/safeblood.se\/fr\/wp-json\/wp\/v2\/types\/page"}],"author":[{"embeddable":true,"href":"https:\/\/safeblood.se\/fr\/wp-json\/wp\/v2\/users\/2"}],"replies":[{"embeddable":true,"href":"https:\/\/safeblood.se\/fr\/wp-json\/wp\/v2\/comments?post=74427"}],"version-history":[{"count":4,"href":"https:\/\/safeblood.se\/fr\/wp-json\/wp\/v2\/pages\/74427\/revisions"}],"predecessor-version":[{"id":74626,"href":"https:\/\/safeblood.se\/fr\/wp-json\/wp\/v2\/pages\/74427\/revisions\/74626"}],"wp:attachment":[{"href":"https:\/\/safeblood.se\/fr\/wp-json\/wp\/v2\/media?parent=74427"}],"curies":[{"name":"wp","href":"https:\/\/api.w.org\/{rel}","templated":true}]}}