{"id":77032,"date":"2024-07-04T16:41:33","date_gmt":"2024-07-04T14:41:33","guid":{"rendered":"https:\/\/safeblood.se\/?page_id=77032"},"modified":"2026-01-10T16:31:29","modified_gmt":"2026-01-10T15:31:29","slug":"methodes-de-diagnostic","status":"publish","type":"page","link":"https:\/\/safeblood.se\/fr\/methodes-de-diagnostic\/","title":{"rendered":"M\u00e9thodes de diagnostic"},"content":{"rendered":"[vc_row type=\u00a0\u00bbin_container\u00a0\u00bb full_screen_row_position=\u00a0\u00bbmiddle\u00a0\u00bb column_margin=\u00a0\u00bbdefault\u00a0\u00bb column_direction=\u00a0\u00bbdefault\u00a0\u00bb column_direction_tablet=\u00a0\u00bbdefault\u00a0\u00bb column_direction_phone=\u00a0\u00bbdefault\u00a0\u00bb scene_position=\u00a0\u00bbcenter\u00a0\u00bb text_color=\u00a0\u00bbdark\u00a0\u00bb text_align=\u00a0\u00bbleft\u00a0\u00bb row_border_radius=\u00a0\u00bbnone\u00a0\u00bb row_border_radius_applies=\u00a0\u00bbbg\u00a0\u00bb overlay_strength=\u00a0\u00bb0.3&Prime; gradient_direction=\u00a0\u00bbleft_to_right\u00a0\u00bb shape_divider_position=\u00a0\u00bbbottom\u00a0\u00bb bg_image_animation=\u00a0\u00bbnone\u00a0\u00bb][vc_column column_padding=\u00a0\u00bbno-extra-padding\u00a0\u00bb column_padding_tablet=\u00a0\u00bbinherit\u00a0\u00bb column_padding_phone=\u00a0\u00bbinherit\u00a0\u00bb column_padding_position=\u00a0\u00bball\u00a0\u00bb column_element_spacing=\u00a0\u00bbdefault\u00a0\u00bb background_color_opacity=\u00a0\u00bb1&Prime; background_hover_color_opacity=\u00a0\u00bb1&Prime; column_shadow=\u00a0\u00bbnone\u00a0\u00bb column_border_radius=\u00a0\u00bbnone\u00a0\u00bb column_link_target=\u00a0\u00bb_self\u00a0\u00bb gradient_direction=\u00a0\u00bbleft_to_right\u00a0\u00bb overlay_strength=\u00a0\u00bb0.3&Prime; width=\u00a0\u00bb1\/1&Prime; tablet_width_inherit=\u00a0\u00bbdefault\u00a0\u00bb tablet_text_alignment=\u00a0\u00bbdefault\u00a0\u00bb phone_text_alignment=\u00a0\u00bbdefault\u00a0\u00bb bg_image_animation=\u00a0\u00bbnone\u00a0\u00bb border_type=\u00a0\u00bbsimple\u00a0\u00bb column_border_width=\u00a0\u00bbnone\u00a0\u00bb column_border_style=\u00a0\u00bbsolid\u00a0\u00bb][vc_column_text css=\u00a0\u00bb.vc_custom_1720103333656{margin-top: -50px !important;}\u00a0\u00bb]\n<h1 style=\"text-align: center;\"><b>M\u00e9thodes de diagnostic<\/b><\/h1>\n[\/vc_column_text][\/vc_column][\/vc_row][vc_row type=\u00a0\u00bbin_container\u00a0\u00bb full_screen_row_position=\u00a0\u00bbmiddle\u00a0\u00bb column_margin=\u00a0\u00bbdefault\u00a0\u00bb column_direction=\u00a0\u00bbdefault\u00a0\u00bb column_direction_tablet=\u00a0\u00bbdefault\u00a0\u00bb column_direction_phone=\u00a0\u00bbdefault\u00a0\u00bb scene_position=\u00a0\u00bbcenter\u00a0\u00bb text_color=\u00a0\u00bbdark\u00a0\u00bb text_align=\u00a0\u00bbleft\u00a0\u00bb row_border_radius=\u00a0\u00bbnone\u00a0\u00bb row_border_radius_applies=\u00a0\u00bbbg\u00a0\u00bb overlay_strength=\u00a0\u00bb0.3&Prime; gradient_direction=\u00a0\u00bbleft_to_right\u00a0\u00bb shape_divider_position=\u00a0\u00bbbottom\u00a0\u00bb bg_image_animation=\u00a0\u00bbnone\u00a0\u00bb][vc_column column_padding=\u00a0\u00bbno-extra-padding\u00a0\u00bb column_padding_tablet=\u00a0\u00bbinherit\u00a0\u00bb column_padding_phone=\u00a0\u00bbinherit\u00a0\u00bb column_padding_position=\u00a0\u00bball\u00a0\u00bb column_element_spacing=\u00a0\u00bbdefault\u00a0\u00bb background_color_opacity=\u00a0\u00bb1&Prime; background_hover_color_opacity=\u00a0\u00bb1&Prime; column_shadow=\u00a0\u00bbnone\u00a0\u00bb column_border_radius=\u00a0\u00bbnone\u00a0\u00bb column_link_target=\u00a0\u00bb_self\u00a0\u00bb gradient_direction=\u00a0\u00bbleft_to_right\u00a0\u00bb overlay_strength=\u00a0\u00bb0.3&Prime; width=\u00a0\u00bb1\/1&Prime; tablet_width_inherit=\u00a0\u00bbdefault\u00a0\u00bb tablet_text_alignment=\u00a0\u00bbdefault\u00a0\u00bb phone_text_alignment=\u00a0\u00bbdefault\u00a0\u00bb bg_image_animation=\u00a0\u00bbnone\u00a0\u00bb border_type=\u00a0\u00bbsimple\u00a0\u00bb column_border_width=\u00a0\u00bbnone\u00a0\u00bb column_border_style=\u00a0\u00bbsolid\u00a0\u00bb][vc_column_text css=\u00a0\u00bb.vc_custom_1768059085351{margin-top: -20px !important;}\u00a0\u00bb]Sur cette page, vous trouverez une compilation des <b>m\u00e9thodes de diagnostic<\/b> qui peuvent \u00eatre utilis\u00e9es <b>pour d\u00e9tecter les r\u00e9sidus des vaccinations \u00e0 l&rsquo;ARNm<\/b>. Ceci est particuli\u00e8rement important car un diagnostic correct est la base d&rsquo;un traitement r\u00e9ussi. Jusqu&rsquo;\u00e0 r\u00e9cemment, la microscopie sur champ sombre (ou l&rsquo;analyse du sang en direct) \u00e9tait la seule m\u00e9thode, mais nous disposons aujourd&rsquo;hui de plusieurs alternatives.<\/p>\n<p>&nbsp;<\/p>\n<h3><b>Quelles sont les meilleures m\u00e9thodes ?<\/b><\/h3>\n<p>&nbsp;<\/p>\n<hr \/>\n<p><a href=\"https:\/\/safeblood.net\/fr\/analyse-des-residus-du-vaccin-covid19\/\" target=\"_blank\" rel=\"noopener\"><span style=\"color: #800000;\"><strong>L&rsquo;analyse des r\u00e9sidus de vaccins Covid19<\/strong><\/span><\/a>, que SafeBlood propose en collaboration avec <a href=\"https:\/\/www.createdforhealth.com\/\" target=\"_blank\" rel=\"noopener\">Created for Health<\/a>, est toute nouvelle. Elle r\u00e9v\u00e8le ce qui suit :<\/p>\n<ul>\n<li>Les r\u00e9sidus de tous les vaccins Covid19<\/li>\n<li>La pr\u00e9sence de prot\u00e9ines spike<\/li>\n<li>Si la fonctionnalit\u00e9 de votre ARN et de votre ADN est perturb\u00e9e ou endommag\u00e9e<\/li>\n<\/ul>\n<p>Cette analyse change la donne, car vous pouvez non seulement \u00eatre s\u00fbr de recevoir du sang propre en cas de transfusion, mais aussi avoir un aper\u00e7u de la r\u00e9ussite des traitements pour les victimes de vaccinations \u00e0 l&rsquo;ARNm.<\/p>\n<p>Cliquez <a href=\"https:\/\/safeblood.net\/fr\/analyse-des-residus-du-vaccin-covid19\/\" target=\"_blank\" rel=\"noopener\"><span style=\"color: #800000;\">ici<\/span><\/a> pour obtenir l&rsquo;analyse r\u00e9siduelle du vaccin Covid19, avec un code de r\u00e9duction pour les membres de Safeblood.<\/p>\n<hr \/>\n<p><b>La microscopie en champ sombre (analyse du sang en direct)<\/b> reste une excellente m\u00e9thode pour d\u00e9tecter les effets nocifs des vaccins ARNm directement et en temps r\u00e9el dans le sang. Aucune autre m\u00e9thode ne permet de voir les changements dans le sang de mani\u00e8re aussi r\u00e9aliste.<\/p>\n<p>Le seul probl\u00e8me de cette m\u00e9thode d&rsquo;analyse est qu&rsquo;elle laisse au praticien une marge d&rsquo;interpr\u00e9tation quant aux causes possibles des changements sanguins. En revanche, dans une comparaison directe avant\/apr\u00e8s, ce facteur est n\u00e9gligeable. Malheureusement, ces conditions id\u00e9ales sont rarement r\u00e9unies.<\/p>\n<p>Aussi, il ne s&rsquo;agit pas d&rsquo;un \u00ab\u00a0test de cinq minutes\u00a0\u00bb, mais d&rsquo;une analyse compl\u00e8te qui donne une impression optimale de votre \u00e9tat de sant\u00e9 g\u00e9n\u00e9ral. Une s\u00e9ance dure g\u00e9n\u00e9ralement au moins une heure et est propos\u00e9e par des praticiens alternatifs exp\u00e9riment\u00e9s.<\/p>\n<p>C&rsquo;est pourquoi il n&rsquo;y a pas de lien vers la m\u00e9thode ici, mais vers notre page <a href=\"https:\/\/safeblood.net\/fr\/recherche-detablissements-medicaux\/\" target=\"_blank\" rel=\"noopener\"><span style=\"color: #800000;\">Trouver un \u00e9tablissement m\u00e9dicale<\/span><\/a>, o\u00f9 vous pouvez rechercher directement des th\u00e9rapeutes qui proposent cette m\u00e9thode.<br \/>\nMalheureusement, il y a encore tr\u00e8s peu de th\u00e9rapeutes r\u00e9pertori\u00e9s ici. Si vous connaissez un bon th\u00e9rapeute, faites-lui savoir qu&rsquo;il peut \u00eatre ajout\u00e9 \u00e0 cette liste.<\/p>\n<hr \/>\n<p><strong>\u00a0<\/strong><b>Tests de laboratoire classiques<\/b><\/p>\n<p>Il existe d\u00e9sormais diff\u00e9rents tests de laboratoire classiques (selon la m\u00e9decine biochimique occidentale) qui permettent de d\u00e9terminer si le sang d&rsquo;une personne test\u00e9e provient d&rsquo;une personne vaccin\u00e9e ou non vaccin\u00e9e.<\/p>\n<p>Seuls quelques laboratoires proposent des tests permettant <strong>non seulement de d\u00e9tecter les prot\u00e9ines Spike<\/strong>, mais aussi d&rsquo;identifier <strong>la source de ces prot\u00e9ines<\/strong> Spike, qu&rsquo;il s&rsquo;agisse d&rsquo;une vaccination ou d&rsquo;une infection. Il faut toutefois garder \u00e0 l&rsquo;esprit que les prot\u00e9ines Spike ne sont bien s\u00fbr qu&rsquo;un des nombreux facteurs probl\u00e9matiques li\u00e9s aux vaccins \u00e0 ARNm et que d&rsquo;autres facteurs sont, \u00e0 mon avis, plus importants.<\/p>\n<p>Il existe de nombreux autres tests individuels qui fournissent des indications sp\u00e9cifiques (par exemple, le D-dim\u00e8re) et qui, combin\u00e9s, indiquent une contamination par du sang contamin\u00e9 par l&rsquo;ARNm.<\/p>\n<p><strong>La plupart<\/strong> des laboratoires sp\u00e9cialis\u00e9s <strong>se trouvent en Allemagne<\/strong>. Voici quelques exemples de laboratoires qui permettent d&rsquo;effectuer des analyses sanguines de diff\u00e9rents param\u00e8tres qui fournissent des indications claires sur la contamination par des r\u00e9sidus d&rsquo;ARNm :<\/p>\n<p>Un laboratoire qui travaille en \u00e9troite collaboration avec le MWGFD, la plus importante association de m\u00e9decins critiques en Allemagne, est <a href=\"https:\/\/inmodia.de\/\" target=\"_blank\" rel=\"noopener\">Inmodia<\/a> \u00e0 84131 Vilsbiburg. Tout ce qui provient du MWGFD est en principe recommandable.<\/p>\n<p>Le MWGDF recommande \u00e9galement <a href=\"https:\/\/www.mmd-labor.de\/en\/\" target=\"_blank\" rel=\"noopener\">MMD (Magdeburg Molecular Detections GmbH)<\/a> \u00e0 Magdebourg. Le professeur <strong>Brigitte K\u00f6nig<\/strong> s&rsquo;est forg\u00e9 une excellente r\u00e9putation en tant que pionni\u00e8re dans le diagnostic des r\u00e9sidus d&rsquo;ARNm.<\/p>\n<p>Un prestataire de services qui collabore avec divers laboratoires et qui est un interlocuteur tout \u00e0 fait comp\u00e9tent pour les laboratoires dans l&rsquo;espace germanophone : <a href=\"https:\/\/bin-ich-schon-immun.de\/\" target=\"_blank\" rel=\"noopener\">WIR SIND IMMUN<\/a> \u00e0 60329 Francfort-sur-le-Main. Son site web propose \u00e9galement une base de donn\u00e9es dans laquelle il est possible de rechercher des sympt\u00f4mes ou des organes. Voici <a href=\"https:\/\/vimeo.com\/872726082?fl=pl&amp;fe=vl&amp;pgroup=plc\" target=\"_blank\" rel=\"noopener\">une courte vid\u00e9o<\/a> (en allemand) du directeur g\u00e9n\u00e9ral Christian Hannig avec des explications compl\u00e9mentaires.<\/p>\n<p>Une m\u00e9thode de diagnostic r\u00e9cemment tr\u00e8s populaire, qui ne mesure certes que les anticorps dirig\u00e9s contre les prot\u00e9ines Spike (IgG, en BAU\/ml), mais qui fournit des premi\u00e8res informations tout \u00e0 fait utiles et qui, \u00e0 environ 30 \u20ac, est en outre extr\u00eamement bon march\u00e9, est <a href=\"https:\/\/drbine.substack.com\/p\/studie-projekt-scan-2000\" target=\"_blank\" rel=\"noopener\">le SCAN 2000<\/a> de la scientifique extr\u00eamement comp\u00e9tente <strong>Dr Sabine Stebel<\/strong>. <a href=\"https:\/\/drbine.substack.com\/p\/studie-projekt-scan-2000\" target=\"_blank\" rel=\"noopener\">Ce lien<\/a> renvoie \u00e0 son article Substack, qui est extr\u00eamement complet et pas facile \u00e0 lire pour les \u00ab non-scientifiques \u00bb, mais qui contient \u00e9galement des liens vers des th\u00e9rapeutes proposant cette m\u00e9thode. Si vous faites d\u00e9filer la page vers le bas, vous les trouverez class\u00e9s par code postal.<br \/>\nEn voici <strong>une s\u00e9lection<\/strong> :<br \/>\n<a href=\"https:\/\/www.naturheilpraxis-krenn.de\/\" target=\"_blank\" rel=\"noopener\">Cabinet de naturopathie Helen Krenn<\/a> dans la r\u00e9gion de Rosenheim. <strong>Helen Krenn<\/strong> propose non seulement une gamme extr\u00eamement compl\u00e8te de traitements naturopathiques dans son cabinet, mais elle est \u00e9galement la fondatrice du site web <a href=\"https:\/\/expertcouncil.one\/\" target=\"_blank\" rel=\"noopener\">Expertcouncil<\/a>, un r\u00e9seau d&rsquo;experts tr\u00e8s recommandable.<br \/>\nLe <a href=\"https:\/\/www.ayurveda-hannover.org\/\" target=\"_blank\" rel=\"noopener\">naturopathe <strong>Uwe Schewe<\/strong><\/a> dans son <a href=\"https:\/\/www.ayurveda-hannover.org\/\" target=\"_blank\" rel=\"noopener\">cabinet ayurv\u00e9dique<\/a> \u00e0 30161 Hanovre.<br \/>\n<strong>Dr. med. Beatrix Braack<\/strong>, Westerallee 12, 24937 Flensburg , Tel: <a>+49 (0) 461 40 77 56 94<\/a>, email <a href=\"mailto:salutogeneticum@t-online.de\">salutogeneticum@t-online.de<\/a><\/p>\n<p>Et la <strong>seule adresse en Suisse<\/strong> : <a href=\"https:\/\/www.xn--sandra-spni-t8a.ch\/home\" target=\"_blank\" rel=\"noopener\">le cabinet de naturopathie de Sandra Sp\u00e4ni<\/a>, \u00e0 8868 Oberurnen, dans le canton de Glaris.<\/p>\n<p><strong>Test s\u00e9rologique Covid-19 aux \u00c9tats-Unis<\/strong>, \u00e0 envoyer (70 $) : <a href=\"https:\/\/www.ondemand.labcorp.com\/lab-tests\/covid-19-antibody-test?utm_source=substack&amp;utm_medium=email\" target=\"_blank\" rel=\"noopener\">ondemand.labcorp.com<\/a><\/p>\n<hr \/>\n<h4><em><b>D&rsquo;autres tests de laboratoire classiques pour v\u00e9rifier divers param\u00e8tres de sant\u00e9 importants :<\/b><\/em><\/h4>\n<hr \/>\n<p><b>Les microplastiques<\/b> constituent une menace majeure pour notre syst\u00e8me immunitaire. Lorsque nous pensons aux microplastiques, nous pensons d&rsquo;abord au plastique dans les oc\u00e9ans, mais nous accumulons \u00e9galement des microplastiques dans notre corps, par exemple des r\u00e9sidus de PET et bien d&rsquo;autres. Vous buvez aussi dans des bouteilles en PET, n&rsquo;est-ce pas ?<\/p>\n<p>L&rsquo;entreprise <strong>plastictox<\/strong> a introduit un nouveau test pour d\u00e9terminer l&rsquo;exposition du corps humain aux microplastiques. Si vous souhaitez savoir si votre organisme est concern\u00e9, rendez-vous sur le site <a href=\"https:\/\/plastictox.com\/?coupon=safeblood\" target=\"_blank\" rel=\"noopener\">https:\/\/plastictox.com\/<\/a>\u00a0et entrez le code SAFEBLOOD \u00e0 la caisse pour b\u00e9n\u00e9ficier d&rsquo;une r\u00e9duction de 10 %.<\/p>\n<hr \/>\n<p><strong>Connaissez-vous une autre m\u00e9thode de diagnostic que nous ne connaissons pas encore ? Envoyez-nous un <\/strong><strong><a href=\"mailto:george@safeblood.net\" target=\"_blank\" rel=\"noopener\">courriel<\/a>.<\/strong><\/p>\n<p><b>CLAUSE DE NON-RESPONSABILIT\u00c9 :<\/b><br \/>\nSAFE BLOOD NE FOURNIT PAS DE CONSEILS M\u00c9DICAUX.<br \/>\nLes informations, y compris, mais sans s&rsquo;y limiter, les textes, les graphiques, les images et tout autre mat\u00e9riel publi\u00e9 ou transmis par Safe Blood Donation et ses affili\u00e9s, directeurs, responsables, gestionnaires, employ\u00e9s ou autres repr\u00e9sentants sont uniquement destin\u00e9s \u00e0 des fins d&rsquo;information. Aucun mat\u00e9riel n&rsquo;est destin\u00e9 \u00e0 se substituer \u00e0 un conseil m\u00e9dical professionnel, \u00e0 un diagnostic ou \u00e0 un traitement. Demandez toujours l&rsquo;avis de votre fournisseur de soins de sant\u00e9 de confiance pour toute question que vous pourriez avoir concernant un \u00e9tat de sant\u00e9 ou un traitement, avant d&rsquo;entreprendre un nouveau r\u00e9gime de soins de sant\u00e9, et ne n\u00e9gligez jamais un avis m\u00e9dical professionnel ou ne tardez pas \u00e0 le demander \u00e0 cause de quelque chose que vous avez lu ou vu dans une publication ou une transmission de Safe Blood Donation.[\/vc_column_text][\/vc_column][\/vc_row]\n","protected":false},"excerpt":{"rendered":"<p>[vc_row type=\u00a0\u00bbin_container\u00a0\u00bb full_screen_row_position=\u00a0\u00bbmiddle\u00a0\u00bb column_margin=\u00a0\u00bbdefault\u00a0\u00bb column_direction=\u00a0\u00bbdefault\u00a0\u00bb column_direction_tablet=\u00a0\u00bbdefault\u00a0\u00bb column_direction_phone=\u00a0\u00bbdefault\u00a0\u00bb scene_position=\u00a0\u00bbcenter\u00a0\u00bb text_color=\u00a0\u00bbdark\u00a0\u00bb text_align=\u00a0\u00bbleft\u00a0\u00bb row_border_radius=\u00a0\u00bbnone\u00a0\u00bb row_border_radius_applies=\u00a0\u00bbbg\u00a0\u00bb overlay_strength=\u00a0\u00bb0.3&Prime; gradient_direction=\u00a0\u00bbleft_to_right\u00a0\u00bb shape_divider_position=\u00a0\u00bbbottom\u00a0\u00bb bg_image_animation=\u00a0\u00bbnone\u00a0\u00bb][vc_column column_padding=\u00a0\u00bbno-extra-padding\u00a0\u00bb column_padding_tablet=\u00a0\u00bbinherit\u00a0\u00bb column_padding_phone=\u00a0\u00bbinherit\u00a0\u00bb column_padding_position=\u00a0\u00bball\u00a0\u00bb column_element_spacing=\u00a0\u00bbdefault\u00a0\u00bb background_color_opacity=\u00a0\u00bb1&Prime; background_hover_color_opacity=\u00a0\u00bb1&Prime; column_shadow=\u00a0\u00bbnone\u00a0\u00bb column_border_radius=\u00a0\u00bbnone\u00a0\u00bb column_link_target=\u00a0\u00bb_self\u00a0\u00bb gradient_direction=\u00a0\u00bbleft_to_right\u00a0\u00bb overlay_strength=\u00a0\u00bb0.3&Prime; width=\u00a0\u00bb1\/1&Prime; tablet_width_inherit=\u00a0\u00bbdefault\u00a0\u00bb&#8230;<\/p>\n","protected":false},"author":2,"featured_media":0,"parent":0,"menu_order":0,"comment_status":"closed","ping_status":"closed","template":"","meta":[],"_links":{"self":[{"href":"https:\/\/safeblood.se\/fr\/wp-json\/wp\/v2\/pages\/77032"}],"collection":[{"href":"https:\/\/safeblood.se\/fr\/wp-json\/wp\/v2\/pages"}],"about":[{"href":"https:\/\/safeblood.se\/fr\/wp-json\/wp\/v2\/types\/page"}],"author":[{"embeddable":true,"href":"https:\/\/safeblood.se\/fr\/wp-json\/wp\/v2\/users\/2"}],"replies":[{"embeddable":true,"href":"https:\/\/safeblood.se\/fr\/wp-json\/wp\/v2\/comments?post=77032"}],"version-history":[{"count":11,"href":"https:\/\/safeblood.se\/fr\/wp-json\/wp\/v2\/pages\/77032\/revisions"}],"predecessor-version":[{"id":81499,"href":"https:\/\/safeblood.se\/fr\/wp-json\/wp\/v2\/pages\/77032\/revisions\/81499"}],"wp:attachment":[{"href":"https:\/\/safeblood.se\/fr\/wp-json\/wp\/v2\/media?parent=77032"}],"curies":[{"name":"wp","href":"https:\/\/api.w.org\/{rel}","templated":true}]}}