{"id":76818,"date":"2024-06-27T12:06:02","date_gmt":"2024-06-27T10:06:02","guid":{"rendered":"https:\/\/safeblood.se\/?page_id=76818"},"modified":"2024-09-26T12:39:52","modified_gmt":"2024-09-26T10:39:52","slug":"cure-di-prevenzione","status":"publish","type":"page","link":"https:\/\/safeblood.se\/it\/cure-di-prevenzione\/","title":{"rendered":"Cure per la Prevenzione"},"content":{"rendered":"[vc_row type=&#8221;in_container&#8221; full_screen_row_position=&#8221;middle&#8221; column_margin=&#8221;default&#8221; column_direction=&#8221;default&#8221; column_direction_tablet=&#8221;default&#8221; column_direction_phone=&#8221;default&#8221; scene_position=&#8221;center&#8221; text_color=&#8221;dark&#8221; text_align=&#8221;left&#8221; row_border_radius=&#8221;none&#8221; row_border_radius_applies=&#8221;bg&#8221; overlay_strength=&#8221;0.3&#8243; gradient_direction=&#8221;left_to_right&#8221; shape_divider_position=&#8221;bottom&#8221; bg_image_animation=&#8221;none&#8221;][vc_column column_padding=&#8221;no-extra-padding&#8221; column_padding_tablet=&#8221;inherit&#8221; column_padding_phone=&#8221;inherit&#8221; column_padding_position=&#8221;all&#8221; column_element_spacing=&#8221;default&#8221; background_color_opacity=&#8221;1&#8243; background_hover_color_opacity=&#8221;1&#8243; column_shadow=&#8221;none&#8221; column_border_radius=&#8221;none&#8221; column_link_target=&#8221;_self&#8221; gradient_direction=&#8221;left_to_right&#8221; overlay_strength=&#8221;0.3&#8243; width=&#8221;1\/1&#8243; tablet_width_inherit=&#8221;default&#8221; tablet_text_alignment=&#8221;default&#8221; phone_text_alignment=&#8221;default&#8221; bg_image_animation=&#8221;none&#8221; border_type=&#8221;simple&#8221; column_border_width=&#8221;none&#8221; column_border_style=&#8221;solid&#8221;][vc_column_text css=&#8221;.vc_custom_1719487850575{margin-top: -50px !important;}&#8221;]\n<h1 style=\"text-align: center;\"><strong>Cure per la Prevenzione<\/strong><\/h1>\n[\/vc_column_text][\/vc_column][\/vc_row][vc_row type=&#8221;in_container&#8221; full_screen_row_position=&#8221;middle&#8221; column_margin=&#8221;default&#8221; column_direction=&#8221;default&#8221; column_direction_tablet=&#8221;default&#8221; column_direction_phone=&#8221;default&#8221; scene_position=&#8221;center&#8221; text_color=&#8221;dark&#8221; text_align=&#8221;left&#8221; row_border_radius=&#8221;none&#8221; row_border_radius_applies=&#8221;bg&#8221; overlay_strength=&#8221;0.3&#8243; gradient_direction=&#8221;left_to_right&#8221; shape_divider_position=&#8221;bottom&#8221; bg_image_animation=&#8221;none&#8221;][vc_column column_padding=&#8221;no-extra-padding&#8221; column_padding_tablet=&#8221;inherit&#8221; column_padding_phone=&#8221;inherit&#8221; column_padding_position=&#8221;all&#8221; column_element_spacing=&#8221;default&#8221; background_color_opacity=&#8221;1&#8243; background_hover_color_opacity=&#8221;1&#8243; column_shadow=&#8221;none&#8221; column_border_radius=&#8221;none&#8221; column_link_target=&#8221;_self&#8221; gradient_direction=&#8221;left_to_right&#8221; overlay_strength=&#8221;0.3&#8243; width=&#8221;1\/1&#8243; tablet_width_inherit=&#8221;default&#8221; tablet_text_alignment=&#8221;default&#8221; phone_text_alignment=&#8221;default&#8221; bg_image_animation=&#8221;none&#8221; border_type=&#8221;simple&#8221; column_border_width=&#8221;none&#8221; column_border_style=&#8221;solid&#8221;][vc_column_text css=&#8221;.vc_custom_1727347188006{margin-top: -20px !important;}&#8221;]In questa pagina troverai una raccolta di <strong>metodi di prevenzione<\/strong> che possono essere utilizzati <strong>per migliorare la tua salute e proteggerti da tutto ci\u00f2 che pu\u00f2 nuocere alla tua salute<\/strong>. Alcune persone non si ammalano mai, altre si ammalano solo quando sentono parlare di un virus o di qualcosa di dannoso che potrebbe incrociare il loro cammino. Ci\u00f2 ha a che fare con lo stato della tua salute generale, in particolare con il tuo sistema immunitario.<\/p>\n<h3><strong>Quali sono i metodi migliori?<\/strong><\/h3>\n<hr \/>\n<p>Sembra banale: <strong>Segui uno stile di vita sano<\/strong>.<\/p>\n<p><strong>Presta attenzione al cibo e a tutto ci\u00f2 che entra nel tuo corpo<\/strong>. Il cibo crudo vegetariano biologico \u00e8 teoricamente il migliore, ma non tutti riescono a digerirlo allo stesso modo. Quindi presta attenzione all\u2019origine di tutto ci\u00f2 che entra nel tuo corpo: pi\u00f9 \u00e8 naturale e biologico, meglio \u00e8. Osserva come ti fa sentire il cibo. Bevi abbastanza acqua pura.<\/p>\n<p><strong>Prenditi cura della tua salute mentale<\/strong>: i pensieri negativi (pensieri e sentimenti \u201caspri\u201d) sono altrettanto dannosi della paura o di qualsiasi altra emozione negativa. Ogni pensiero, ogni emozione innesca una reazione biochimica che ha un effetto positivo o negativo sul corpo. L&#8217;amore aiuta, l&#8217;odio danneggia non solo il tuo stato mentale, ma anche il tuo sistema immunitario.<\/p>\n<p><strong>Tieni in movimento il tuo corpo e la tua mente<\/strong>. Il tuo corpo \u00e8 un motore che deve essere mosso per funzionare senza intoppi e senza dolore. Usa l&#8217;igiene spirituale come lo Yoga o qualsiasi attivit\u00e0 simile che mantenga in equilibrio corpo, mente e anima.<\/p>\n<p><strong>Sostieni il tuo sistema immunitario<\/strong>. Lo stato del tuo sistema immunitario determina in ultima analisi se virus, batteri o altri agenti patogeni possono danneggiarti o meno. Se il tuo sistema immunitario funziona bene, nessuno di questi agenti patogeni ti influenzer\u00e0 in alcun modo; <strong>un sistema immunitario sano combatter\u00e0 efficacemente tutto ci\u00f2 che non appartiene al tuo corpo<\/strong>. Purtroppo conduciamo uno stile di vita non proprio salutare e viviamo in un ambiente tutt\u2019altro che salutare anche per noi esseri umani. Stiamo distruggendo la Terra a un ritmo rapido, avvelenando il suolo e quindi il nostro cibo, avvelenando l\u2019acqua e quindi la nostra acqua potabile, utilizzando sostanze chimiche invece di prodotti naturali. L\u2019industria chimica, una volta fondata per sostenere l\u2019umanit\u00e0, \u00e8 diventata la pi\u00f9 grande minaccia per la nostra salute nel suo complesso. Ogni prodotto chimico \u00e8 considerato un nemico del nostro sistema immunitario perch\u00e9 il fegato, responsabile della disintossicazione dalle sostanze nocive, \u00e8 stato in grado di svolgere il suo lavoro fino all&#8217;invenzione delle sostanze chimiche. Non esistono informazioni interne per il fegato per disintossicarsi dalle sostanze chimiche poich\u00e9 queste non sono nel suo \u201cprogramma\u201d e alla fin fine il fegato imparer\u00e0 anche a gestire le sostanze chimiche (se sopravviviamo), ma ci\u00f2 potrebbe richiedere mille anni, il che sar\u00e0 un po\u2019 tardi per la nostra generazione. <strong>Quindi resta fedele alla natura e a tutto ci\u00f2 che offre<\/strong>.<br \/>\nTieni presente che tutto quello che ho scritto sopra vale anche per qualsiasi tipo di farmaco chimico.<\/p>\n<p>Puoi influenzare alcuni dei fattori menzionati, ma <strong>altri non li puoi realmente influenzare, ad es. l&#8217;emissione di tutti i tipi di radiazioni<\/strong>, in particolare di segnali wireless come telefoni cellulari o Wi-Fi. Devi semplicemente prepararti il \u200b\u200bpi\u00f9 possibile. Dato che molto probabilmente non vivi in \u200b\u200buna giungla remota senza segnali, hai bisogno di una protezione energetica\/elettronica, come i dispositivi <a href=\"https:\/\/biophotonic.uk\/\" target=\"_blank\" rel=\"noopener\">BioPhotonic<\/a>. Se vivi in \u200b\u200buna citt\u00e0 e attivi il Wi-Fi sul tuo computer\/telefono, molto probabilmente vedrai dozzine di hotspot disponibili, che tu voglia usarli o meno, e questa \u00e8 solo la punta visibile dell&#8217;iceberg. <strong>Non c&#8217;\u00e8 scampo, quindi proteggiti<\/strong>.<\/p>\n<hr \/>\n<p>In breve:<\/p>\n<h3><strong>1) Protezione contro segnali ed emissioni wireless<\/strong><\/h3>\n<p><strong>Protezione energetica\/elettronica passiva o attiva con i dispositivi russi di <\/strong><a href=\"https:\/\/biophotonic.uk\/shop\/\" target=\"_blank\" rel=\"noopener\"><strong>BioPhotonic<\/strong><\/a>, un&#8217;azienda di cui ci fidiamo e di cui abbiamo testato noi stessi i dispositivi.<br \/>\nAssicuratevi di consultare questa pagina: <a href=\"https:\/\/safeblood.net\/it\/biorisonanza-di-biophotonic\/\" target=\"_blank\" rel=\"noopener\">https:\/\/safeblood.net\/it\/biorisonanza-di-biophotonic\/<\/a>, con codice di sconto per i membri di Safeblood e gli iscritti alla newsletter di Safeblood.<br \/>\nI dispositivi di protezione sono: Photonic Wave, Photonic Crystal Square e Photonic Crystal Shield.<\/p>\n<h3><strong>2) Integratori nutrizionali<\/strong><\/h3>\n<p>Dato che la qualit\u00e0 del nostro cibo non \u00e8 sufficiente a fornire all&#8217;organismo ci\u00f2 di cui ha bisogno, potresti prendere in considerazione l&#8217;assunzione regolare di diversi integratori, ad esempio:<\/p>\n<p><strong>Integratori Omega 3\/6<\/strong> di ottima qualit\u00e0 dell&#8217;azienda norvegese <a href=\"https:\/\/safeblood.net\/it\/omega-3-6-supplementi-di-eqology\/\" target=\"_blank\" rel=\"noopener\">Eqology<\/a>.<\/p>\n<h3><strong>3) Trova un naturopata che possa supportarti con un programma su misura<\/strong><\/h3>\n<p>\u00c8 difficile sapere di cosa ha veramente bisogno il tuo corpo (e la tua mente). Idealmente, cerca un terapista che possa supportarti e guidarti mentre tu e i tuoi figli siete ancora sani. Trova un terapista <a href=\"https:\/\/safeblood.it\/it\/cerca-un-partner-sanitario\/\" target=\"_blank\" rel=\"noopener\"><u>sulla nostra pagina<\/u><\/a> o, se ne conosci uno che non \u00e8 nell&#8217;elenco, digli di iscriversi.<\/p>\n<h3>4) Non prendere le tue informazioni dai media del mainstream<\/h3>\n<p>Dopo la pandemia, purtroppo, abbiamo notato sempre pi\u00f9 che tutti i media affermati sono, per dirla con buone parole, piuttosto di parte. In altre parole: <strong>ti stanno mentendo a denti stretti<\/strong>. Tutti questi media sono stati pesantemente finanziati da Big Pharma e da gruppi simili durante questo periodo, e di conseguenza sono diventati semplicemente portavoce di governi e grandi aziende.<br \/>\nI giorni in cui guardavamo il telegiornale sulla stazione RAI1 alle 19:30. ed eravamo quindi ragionevolmente ben informati, purtroppo sono finiti. I buoni media sono tutti nuovi, sono emersi negli ultimi 4 anni e vengono trasmessi principalmente su Internet.<br \/>\nSulla nostra <a href=\"https:\/\/safeblood.it\/it\/link\/\" target=\"_blank\" rel=\"noopener\">pagina dei link<\/a> troverai i media che continuano a riferire in modo indipendente e critico. Scorri verso il basso fino a &#8220;Media&#8221;.<br \/>\nAnche Telegram e canali simili sono una buona alternativa.<\/p>\n<hr \/>\n<p><strong>Conosci un altro metodo di prevenzione di cui non siamo ancora a conoscenza? Per favore mandaci una <a href=\"mailto:george@safeblood.net\" target=\"_blank\" rel=\"noopener\">email<\/a>.<\/strong><\/p>\n<p><strong>DISCLAIMER<\/strong>:<br \/>\nSAFE BLOOD DONATION NON FORNISCE CONSULENZA MEDICA.<br \/>\nLe informazioni, inclusi ma non limitati a, testo, grafica, immagini e altro materiale pubblicato o trasmesso da Safe Blood Donation e dai suoi affiliati, direttori, funzionari, manager, dipendenti o altri rappresentanti sono solo a scopo informativo. Nessun materiale \u00e8 destinato a sostituire la consulenza, la diagnosi o il trattamento medico professionale. Chiedi sempre il parere del tuo medico di fiducia per qualsiasi domanda tu possa avere riguardo una condizione medica o un trattamento e prima di intraprendere un nuovo regime sanitario, e non ignorare mai il consiglio medico professionale n\u00e9 ritardare nel richiederlo a causa di qualcosa che hai letto o visto in qualsiasi pubblicazione o trasmissione di Safe Blood Donation.[\/vc_column_text][\/vc_column][\/vc_row]\n","protected":false},"excerpt":{"rendered":"<p>[vc_row type=&#8221;in_container&#8221; full_screen_row_position=&#8221;middle&#8221; column_margin=&#8221;default&#8221; column_direction=&#8221;default&#8221; column_direction_tablet=&#8221;default&#8221; column_direction_phone=&#8221;default&#8221; scene_position=&#8221;center&#8221; text_color=&#8221;dark&#8221; text_align=&#8221;left&#8221; row_border_radius=&#8221;none&#8221; row_border_radius_applies=&#8221;bg&#8221; overlay_strength=&#8221;0.3&#8243; gradient_direction=&#8221;left_to_right&#8221; shape_divider_position=&#8221;bottom&#8221; bg_image_animation=&#8221;none&#8221;][vc_column column_padding=&#8221;no-extra-padding&#8221; column_padding_tablet=&#8221;inherit&#8221; column_padding_phone=&#8221;inherit&#8221; column_padding_position=&#8221;all&#8221; column_element_spacing=&#8221;default&#8221; background_color_opacity=&#8221;1&#8243; background_hover_color_opacity=&#8221;1&#8243; column_shadow=&#8221;none&#8221; column_border_radius=&#8221;none&#8221; column_link_target=&#8221;_self&#8221; gradient_direction=&#8221;left_to_right&#8221; overlay_strength=&#8221;0.3&#8243; width=&#8221;1\/1&#8243; tablet_width_inherit=&#8221;default&#8221;&#8230;<\/p>\n","protected":false},"author":2,"featured_media":0,"parent":0,"menu_order":0,"comment_status":"closed","ping_status":"closed","template":"","meta":[],"_links":{"self":[{"href":"https:\/\/safeblood.se\/it\/wp-json\/wp\/v2\/pages\/76818"}],"collection":[{"href":"https:\/\/safeblood.se\/it\/wp-json\/wp\/v2\/pages"}],"about":[{"href":"https:\/\/safeblood.se\/it\/wp-json\/wp\/v2\/types\/page"}],"author":[{"embeddable":true,"href":"https:\/\/safeblood.se\/it\/wp-json\/wp\/v2\/users\/2"}],"replies":[{"embeddable":true,"href":"https:\/\/safeblood.se\/it\/wp-json\/wp\/v2\/comments?post=76818"}],"version-history":[{"count":8,"href":"https:\/\/safeblood.se\/it\/wp-json\/wp\/v2\/pages\/76818\/revisions"}],"predecessor-version":[{"id":78202,"href":"https:\/\/safeblood.se\/it\/wp-json\/wp\/v2\/pages\/76818\/revisions\/78202"}],"wp:attachment":[{"href":"https:\/\/safeblood.se\/it\/wp-json\/wp\/v2\/media?parent=76818"}],"curies":[{"name":"wp","href":"https:\/\/api.w.org\/{rel}","templated":true}]}}