{"id":71564,"date":"2023-08-13T20:15:53","date_gmt":"2023-08-13T18:15:53","guid":{"rendered":"https:\/\/safeblood.se\/?page_id=71564"},"modified":"2023-08-13T20:17:34","modified_gmt":"2023-08-13T18:17:34","slug":"doacao","status":"publish","type":"page","link":"https:\/\/safeblood.se\/pt-pt\/doacao\/","title":{"rendered":"Doa\u00e7\u00e3o"},"content":{"rendered":"[vc_row type=&#8221;in_container&#8221; full_screen_row_position=&#8221;middle&#8221; column_margin=&#8221;default&#8221; column_direction=&#8221;default&#8221; column_direction_tablet=&#8221;default&#8221; column_direction_phone=&#8221;default&#8221; scene_position=&#8221;center&#8221; text_color=&#8221;dark&#8221; text_align=&#8221;left&#8221; row_border_radius=&#8221;none&#8221; row_border_radius_applies=&#8221;bg&#8221; overlay_strength=&#8221;0.3&#8243; gradient_direction=&#8221;left_to_right&#8221; shape_divider_position=&#8221;bottom&#8221; bg_image_animation=&#8221;none&#8221;][vc_column column_padding=&#8221;no-extra-padding&#8221; column_padding_tablet=&#8221;inherit&#8221; column_padding_phone=&#8221;inherit&#8221; column_padding_position=&#8221;all&#8221; column_element_spacing=&#8221;default&#8221; background_color_opacity=&#8221;1&#8243; background_hover_color_opacity=&#8221;1&#8243; column_shadow=&#8221;none&#8221; column_border_radius=&#8221;none&#8221; column_link_target=&#8221;_self&#8221; gradient_direction=&#8221;left_to_right&#8221; overlay_strength=&#8221;0.3&#8243; width=&#8221;1\/6&#8243; tablet_width_inherit=&#8221;default&#8221; tablet_text_alignment=&#8221;default&#8221; phone_text_alignment=&#8221;default&#8221; bg_image_animation=&#8221;none&#8221; border_type=&#8221;simple&#8221; column_border_width=&#8221;none&#8221; column_border_style=&#8221;solid&#8221;][\/vc_column][vc_column column_padding=&#8221;no-extra-padding&#8221; column_padding_tablet=&#8221;inherit&#8221; column_padding_phone=&#8221;inherit&#8221; column_padding_position=&#8221;all&#8221; column_element_spacing=&#8221;default&#8221; background_color_opacity=&#8221;1&#8243; background_hover_color_opacity=&#8221;1&#8243; column_shadow=&#8221;none&#8221; column_border_radius=&#8221;none&#8221; column_link_target=&#8221;_self&#8221; gradient_direction=&#8221;left_to_right&#8221; overlay_strength=&#8221;0.3&#8243; width=&#8221;2\/3&#8243; tablet_width_inherit=&#8221;default&#8221; tablet_text_alignment=&#8221;default&#8221; phone_text_alignment=&#8221;default&#8221; bg_image_animation=&#8221;none&#8221; border_type=&#8221;simple&#8221; column_border_width=&#8221;none&#8221; column_border_style=&#8221;solid&#8221;][vc_column_text]\t<div class=\"asp_product_item\">\n\t\t<div class=\"asp_product_item_top\">\n\t\t<div class=\"asp_product_item_thumbnail\">\n\t\t\t\n\t\t<\/div>\n\t\t<div class=\"asp_product_name\">\n\t\t\tSuporte \u00e0 doa\u00e7\u00e3o SafeBlood\n\t\t<\/div>\n\t\t<\/div>\n\t\t<div style=\"clear:both;\"><\/div>\n\t\t<div class=\"asp_product_description\">\n\t\t<p>Somos uma associa\u00e7\u00e3o beneficente, ou seja, sem fins lucrativos. Nosso \u00fanico objetivo \u00e9 possibilitar que cada pessoa tenha a livre escolha da origem e do tipo de sangue do doador. Sempre e em qualquer lugar.<\/p>\n<p>Obrigado por <strong>contribuir com sua doa\u00e7\u00e3o<\/strong> - n\u00e3o podemos fazer isso sem sua ajuda.<\/p>\n<hr \/>\n<p><span style=\"color: #ff0000;\"><strong>CART\u00c3O DE CR\u00c9DITO:<br \/>\n<\/strong><\/span>Para transfer\u00eancias com cart\u00e3o de cr\u00e9dito, role a tela at\u00e9 o fim e pressione o bot\u00e3o vermelho <span style=\"color: #ff0000;\">Doar com cart\u00e3o de cr\u00e9dito<\/span>.<\/p>\n<hr \/>\n<p><strong><span style=\"color: #ff0000;\">TRANSFER\u00caNCIA BANC\u00c1RIA \/ CHF:<br \/>\n<\/span><\/strong>Nossa conta no Post Finance para transfer\u00eancias banc\u00e1rias em CHF \u00e9<\/p>\n<p><strong>CH96 0900 0000 1586 7596 5<\/strong><br \/>\nSafeBlood, Ankenweid 29, 8041 Zurique<\/p>\n<p>Para pagamentos do exterior, voc\u00ea tamb\u00e9m precisa do seguinte BIC (c\u00f3digo SWIFT):<br \/>\nPOFICHBEXXX<br \/>\nNome do banco: PostFinance AG, Mingerstrasse 20, CH-3030 Bern, Su\u00ed\u00e7a<\/p>\n<p><a href=\"https:\/\/safeblood.se\/wp-content\/uploads\/2024\/02\/QR-code-postfinance.jpg\"><img class=\"alignleft size-thumbnail wp-image-73974\" src=\"https:\/\/safeblood.se\/wp-content\/uploads\/2024\/02\/QR-code-postfinance-150x150.jpg\" alt=\"\" width=\"150\" height=\"150\" \/><\/a><\/p>\n<p>Para pagamentos na conta postal, indique a finalidade do seu pagamento:<br \/>\n<strong>Doa\u00e7\u00e3o <\/strong>ou Taxa de associa\u00e7\u00e3o 2026<\/p>\n<hr \/>\n<p><strong><span style=\"color: #ff0000;\">TRANSFER\u00caNCIA BANC\u00c1RIA \/ EURO (\u20ac):<br \/>\n<\/span><\/strong>Nossa conta no Post Finance para transfer\u00eancias banc\u00e1rias em EURO \u00e9<\/p>\n<p><strong>CH54 0900 0000 1686 2698 1<\/strong><br \/>\nSafeBlood, Ankenweid 29, 8041 Zurique<\/p>\n<p>Para pagamentos do exterior, voc\u00ea tamb\u00e9m precisa do seguinte BIC (c\u00f3digo SWIFT):<br \/>\nPOFICHBEXXX<br \/>\nNome do banco: PostFinance AG, Mingerstrasse 20, CH-3030 Bern, Su\u00ed\u00e7a<\/p>\n<p><a href=\"https:\/\/safeblood.se\/wp-content\/uploads\/2026\/04\/QR-code-postfinance-eurokonto.jpg\"><img class=\"alignleft wp-image-82070 size-thumbnail\" src=\"https:\/\/safeblood.se\/wp-content\/uploads\/2026\/04\/QR-code-postfinance-eurokonto-150x150.jpg\" alt=\"\" width=\"150\" height=\"150\" \/><\/a><\/p>\n<p>Para pagamentos na conta postal, indique a finalidade do seu pagamento:<br \/>\n<strong>Doa\u00e7\u00e3o <\/strong>ou Taxa de associa\u00e7\u00e3o 2026<\/p>\n<hr \/>\n<p class=\"p1\"><span style=\"color: #ff0000;\"><strong>PAYPAL:<br \/>\n<\/strong><\/span>Para transferir com o PayPal, clique no bot\u00e3o \"Doar\" ou ler o c\u00f3digo QR com a aplica\u00e7\u00e3o Paypal:<\/p>\n<div >\n<form target='_blank' action='https:\/\/www.paypal.com\/cgi-bin\/webscr' method='post'><input type='hidden' name='cmd' value='_donations' \/><input type='hidden' name='business' value='george@safeblood.net' \/><input type='hidden' name='item_name' value='gastar' \/><input type='hidden' name='item_number' value='' \/><input type='hidden' name='currency_code' value='EUR' \/><input type='hidden' name='amount' id='amount_9021d8e471aea006a11d0fd0aaa90276' value='' \/><input type='hidden' name='no_note' value='0'><input type='hidden' name='no_shipping' value='1'><input type='hidden' name='notify_url' value='https:\/\/safeblood.se\/wp-admin\/admin-post.php?action=add_wpedon_button_ipn'><input type='hidden' name='lc' value='pt_BR'><input type='hidden' name='bn' value='WPPlugin_SP'><input type='hidden' name='return' value='' \/><input type='hidden' name='cancel_return' value='' \/><input class='wpedon_paypalbuttonimage' type='image' src='https:\/\/www.paypal.com\/pt_PT\/PT\/i\/btn\/btn_donate_LG.gif' border='0' name='submit' alt='Make your payments with PayPal. It is free, secure, effective.' style='border: none;'><img alt='' border='0' style='border:none;display:none;' src='https:\/\/www.paypal.com\/pt_BR\/i\/scr\/pixel.gif' width='1' height='1'><\/form>\n<\/div>\n<p><a href=\"https:\/\/safeblood.se\/wp-content\/uploads\/2025\/07\/qrcode.png\"><img class=\"alignleft wp-image-80095\" src=\"https:\/\/safeblood.se\/wp-content\/uploads\/2025\/07\/qrcode-150x150.png\" alt=\"\" width=\"188\" height=\"188\" \/><\/a><\/p>\n<hr \/>\n<p><span style=\"color: #ff0000;\"><strong>BITCOIN:<br \/>\n<\/strong><\/span>Nosso endere\u00e7o para transfer\u00eancias de Bitcoin \u00e9<\/p>\n<p><img class=\"alignleft wp-image-69880\" src=\"https:\/\/safeblood.se\/wp-content\/uploads\/2023\/04\/download.png\" alt=\"\" width=\"207\" height=\"207\" \/><\/p>\n<p><strong>bc1q786u8x2mhu03utewejpq45tnjrqck3shvpn7le<\/strong><\/p>\n<p>Para pagamentos com Bitcoin, envie-nos <a href=\"mailto:george@safeblood.net\" target=\"_blank\" rel=\"noopener\">um e-mail aqui<\/a> com o valor, a data, seu nome e o uso pretendido.<\/p>\n<hr \/>\n<p><span style=\"color: #ff0000;\"><strong>UNVAXCOIN:<br \/>\n<\/strong><\/span>Nosso endere\u00e7o para transfer\u00eancias de UNVAXCOIN \u00e9<\/p>\n<p><a href=\"https:\/\/safeblood.se\/wp-content\/uploads\/2023\/07\/sbqr1.png\"><img class=\"alignleft wp-image-71118\" src=\"https:\/\/safeblood.se\/wp-content\/uploads\/2023\/07\/sbqr1-150x150.png\" alt=\"\" width=\"60\" height=\"60\" \/><\/a><\/p>\n<p class=\"p1\"><b>rM43qVSpPGsyJjzonFmWWAuDPSz3s2tKUx<br \/>\n<\/b><br \/>\nPara pagamentos com UNVAXCOIN, envie-nos <a href=\"mailto:george@safeblood.net\" target=\"_blank\" rel=\"noopener\">um e-mail aqui<\/a> com o valor, a data, seu nome e o uso pretendido.<\/p>\n<hr \/>\n<p><span style=\"color: #ff0000;\"><strong>CART\u00c3O DE CR\u00c9DITO:<br \/>\n<\/strong><\/span>Como alternativa, conforme mencionado, \u00e9 claro que voc\u00ea pode pagar com cart\u00e3o de cr\u00e9dito em qualquer moeda usando o <strong>bot\u00e3o abaixo<\/strong>.<\/p>\n\n\t\t<\/div>\n\t\t<div class=\"asp_price_container\">\n\t\t<span class=\"asp_price_amount\"><\/span> <span class=\"asp_new_price_amount\"><\/span> <span class=\"asp_quantity\"><\/span>\n\t\t<div class=\"asp_under_price_line\"><\/div>\n\t\t<\/div>\n\t\t<div class=\"asp_product_buy_button\">\n\t\t<div class=\"asp-processing-cont\" style=\"display:none;\"><span class=\"asp-processing\">Processing <i>.<\/i><i>.<\/i><i>.<\/i><\/span><\/div><form id = 'asp_ng_form_069e217b039fda' class='asp-stripe-form' action = '' METHOD = 'POST'> <input type='hidden' name='asp_product_id' value='71560' \/><div class=\"asp-child-hidden-fields\" style=\"display: none !important;\"><\/div><\/form><div id=\"asp-all-buttons-container-069e217b039fda\" class=\"asp_all_buttons_container\"><div class=\"asp_product_buy_btn_container\"><button id=\"asp_ng_button_069e217b039fda\" type=\"submit\" class=\"credit-card-donation-button\"><span>pagar com cart\u00e3o de cr\u00e9dito<\/span><\/button><\/div><noscript>Stripe Payments requires Javascript to be supported by the browser in order to operate.<\/noscript><\/div><div id=\"asp-btn-spinner-container-069e217b039fda\" class=\"asp-btn-spinner-container\" style=\"display: none !important\"><div class=\"asp-btn-spinner\"><div><\/div><div><\/div><div><\/div><div><\/div><\/div><\/div><script>var asp_data_069e217b039fda = {\"is_live\":true,\"product_id\":\"71560\",\"iframe_url\":\"https:\\\/\\\/safeblood.se\\\/pt-pt\\\/asp-payment-box\\\/?product_id=71560\",\"button_key\":\"c0b1d5eebd0c3b970eae0b8991ea1b39\",\"item_price\":0,\"quantity\":1,\"custom_quantity\":\"\",\"description\":\"\",\"descrGenerated\":false,\"shipping\":0,\"tax\":0,\"image\":\"\",\"currency\":\"CHF\",\"currency_variable\":false,\"locale\":\"auto\",\"name\":\"Suporte \\u00e0 doa\\u00e7\\u00e3o SafeBlood\",\"url\":\"\",\"amount\":0,\"billingAddress\":false,\"shippingAddress\":false,\"customer_email\":\"\",\"uniq_id\":\"069e217b039fda\",\"variable\":true,\"zeroCents\":[\"JPY\",\"MGA\",\"VND\",\"KRW\"],\"addonHooks\":[\"recaptcha\"],\"button_text\":\"pagar com cart\\u00e3o de cr\\u00e9dito\",\"out_of_stock\":false,\"stock_control_enabled\":false,\"stock_items\":0,\"currencyFormat\":{\"c\":2,\"d\":\".\",\"t\":\",\",\"s\":\"CHF\",\"pos\":\"left\"},\"displayStr\":{\"tax\":\"%s (tax)\",\"ship\":\"%s (shipping)\"},\"thankyou_page_url\":\"\",\"show_custom_amount_input\":false,\"recaptchaSiteKey\":\"6LfNlfEgAAAAAJCVtvZhjFEaSnxftRmKtPbnUBRs\",\"recaptchaInvisible\":0};if(typeof jQuery!==\"undefined\") {jQuery(document).ready(function() {new stripeHandlerNG(asp_data_069e217b039fda);});} else { if (typeof wpaspInitOnDocReady===\"undefined\") {var wpaspInitOnDocReady=[];} wpaspInitOnDocReady.push(asp_data_069e217b039fda);}<\/script>\n\t\t<\/div>\n\t<\/div>\n\t[\/vc_column_text][\/vc_column][vc_column column_padding=&#8221;no-extra-padding&#8221; column_padding_tablet=&#8221;inherit&#8221; column_padding_phone=&#8221;inherit&#8221; column_padding_position=&#8221;all&#8221; column_element_spacing=&#8221;default&#8221; background_color_opacity=&#8221;1&#8243; background_hover_color_opacity=&#8221;1&#8243; column_shadow=&#8221;none&#8221; column_border_radius=&#8221;none&#8221; column_link_target=&#8221;_self&#8221; gradient_direction=&#8221;left_to_right&#8221; overlay_strength=&#8221;0.3&#8243; width=&#8221;1\/6&#8243; tablet_width_inherit=&#8221;default&#8221; tablet_text_alignment=&#8221;default&#8221; phone_text_alignment=&#8221;default&#8221; bg_image_animation=&#8221;none&#8221; border_type=&#8221;simple&#8221; column_border_width=&#8221;none&#8221; column_border_style=&#8221;solid&#8221;][\/vc_column][\/vc_row]\n","protected":false},"excerpt":{"rendered":"<p>Suporte \u00e0 doa\u00e7\u00e3o SafeBlood Somos uma associa\u00e7\u00e3o beneficente, ou seja, sem fins lucrativos. Nosso \u00fanico objetivo \u00e9 possibilitar que cada pessoa tenha a livre escolha da origem e do tipo&#8230;<\/p>\n","protected":false},"author":2,"featured_media":0,"parent":0,"menu_order":0,"comment_status":"closed","ping_status":"closed","template":"","meta":[],"_links":{"self":[{"href":"https:\/\/safeblood.se\/pt-pt\/wp-json\/wp\/v2\/pages\/71564"}],"collection":[{"href":"https:\/\/safeblood.se\/pt-pt\/wp-json\/wp\/v2\/pages"}],"about":[{"href":"https:\/\/safeblood.se\/pt-pt\/wp-json\/wp\/v2\/types\/page"}],"author":[{"embeddable":true,"href":"https:\/\/safeblood.se\/pt-pt\/wp-json\/wp\/v2\/users\/2"}],"replies":[{"embeddable":true,"href":"https:\/\/safeblood.se\/pt-pt\/wp-json\/wp\/v2\/comments?post=71564"}],"version-history":[{"count":2,"href":"https:\/\/safeblood.se\/pt-pt\/wp-json\/wp\/v2\/pages\/71564\/revisions"}],"predecessor-version":[{"id":71566,"href":"https:\/\/safeblood.se\/pt-pt\/wp-json\/wp\/v2\/pages\/71564\/revisions\/71566"}],"wp:attachment":[{"href":"https:\/\/safeblood.se\/pt-pt\/wp-json\/wp\/v2\/media?parent=71564"}],"curies":[{"name":"wp","href":"https:\/\/api.w.org\/{rel}","templated":true}]}}